{"id":7611,"date":"2017-10-24T17:16:17","date_gmt":"2017-10-24T16:16:17","guid":{"rendered":"http:\/\/www.iecd.org\/en\/guides-et-manuels\/"},"modified":"2017-11-29T17:11:11","modified_gmt":"2017-11-29T16:11:11","slug":"guides-et-manuels","status":"publish","type":"page","link":"https:\/\/www.iecd.org\/en\/outils_communication_communication_tools\/guides-et-manuels\/","title":{"rendered":"Guides et manuels \/ Handbook and manual"},"content":{"rendered":"\n<style type=\"text\/css\" data-created_by=\"avia_inline_auto\" id=\"style-css-av-av_section-27f0c6db5b79606159c5d92af3b23c18\">\n.avia-section.av-av_section-27f0c6db5b79606159c5d92af3b23c18{\nbackground-color:#c0002a;\nbackground-image:unset;\n}\n<\/style>\n<div id='av_section_1'  class='avia-section av-av_section-27f0c6db5b79606159c5d92af3b23c18 main_color avia-section-default avia-no-shadow  avia-builder-el-0  el_before_av_heading  avia-builder-el-first  avia-bg-style-scroll container_wrap fullsize'  ><div class='container av-section-cont-open' ><main  role=\"main\" itemprop=\"mainContentOfPage\"  class='template-page content  av-content-full alpha units'><div class='post-entry post-entry-type-page post-entry-7611'><div class='entry-content-wrapper clearfix'>\n\n<style type=\"text\/css\" data-created_by=\"avia_inline_auto\" id=\"style-css-av-av_hr-a6de236e6c183bbbd700292deacd2b52\">\n#top .hr.hr-invisible.av-av_hr-a6de236e6c183bbbd700292deacd2b52{\nheight:20px;\n}\n<\/style>\n<div  class='hr av-av_hr-a6de236e6c183bbbd700292deacd2b52 hr-invisible  avia-builder-el-1  el_before_av_textblock  avia-builder-el-first '><span class='hr-inner '><span class=\"hr-inner-style\"><\/span><\/span><\/div>\n<section  class='av_textblock_section av-av_textblock-0366cc7376be6c9e82a3e9cc8987b64f '   itemscope=\"itemscope\" itemtype=\"https:\/\/schema.org\/CreativeWork\" ><div class='avia_textblock'  itemprop=\"text\" ><h2 style=\"text-align: center;\"><span style=\"color: #ffffff;\">GUIDES ET MANUELS<br \/>\n<\/span><\/h2>\n<\/div><\/section>\n\n<style type=\"text\/css\" data-created_by=\"avia_inline_auto\" id=\"style-css-av-av_hr-5ea7596238ed9f191e6b5e662093052f\">\n#top .hr.hr-invisible.av-av_hr-5ea7596238ed9f191e6b5e662093052f{\nheight:30px;\n}\n<\/style>\n<div  class='hr av-av_hr-5ea7596238ed9f191e6b5e662093052f hr-invisible  avia-builder-el-3  el_after_av_textblock  avia-builder-el-last '><span class='hr-inner '><span class=\"hr-inner-style\"><\/span><\/span><\/div>\n<\/div><\/div><\/main><!-- close content main element --><\/div><\/div><div id='after_section_1'  class='main_color av_default_container_wrap container_wrap fullsize'  ><div class='container av-section-cont-open' ><div class='template-page content  av-content-full alpha units'><div class='post-entry post-entry-type-page post-entry-7611'><div class='entry-content-wrapper clearfix'>\n\n<style type=\"text\/css\" data-created_by=\"avia_inline_auto\" id=\"style-css-av-av_heading-5701ea2915fe716bcac1812ff2aff491\">\n#top .av-special-heading.av-av_heading-5701ea2915fe716bcac1812ff2aff491{\npadding-bottom:10px;\n}\nbody .av-special-heading.av-av_heading-5701ea2915fe716bcac1812ff2aff491 .av-special-heading-tag .heading-char{\nfont-size:25px;\n}\n.av-special-heading.av-av_heading-5701ea2915fe716bcac1812ff2aff491 .av-subheading{\nfont-size:15px;\n}\n<\/style>\n<div  class='av-special-heading av-av_heading-5701ea2915fe716bcac1812ff2aff491 av-special-heading-h3  avia-builder-el-4  el_after_av_section  el_before_av_one_fourth  avia-builder-el-first '><h3 class='av-special-heading-tag '  itemprop=\"headline\"  >Aide \u00e0 la prise de vues et au recueil de t\u00e9moignages \/ Help for taking photos and collecting testimonials<\/h3><div class=\"special-heading-border\"><div class=\"special-heading-inner-border\"><\/div><\/div><\/div>\n\n<style type=\"text\/css\" data-created_by=\"avia_inline_auto\" id=\"style-css-av-av_one_fourth-40e04e59702ace7aa4422b20c9839dbe\">\n.flex_column.av-av_one_fourth-40e04e59702ace7aa4422b20c9839dbe{\nborder-radius:0px 0px 0px 0px;\npadding:0px 0px 0px 0px;\n}\n<\/style>\n<div  class='flex_column av-av_one_fourth-40e04e59702ace7aa4422b20c9839dbe av_one_fourth  avia-builder-el-5  el_after_av_heading  el_before_av_one_fourth  first flex_column_div av-zero-column-padding  '     ><p>\n<style type=\"text\/css\" data-created_by=\"avia_inline_auto\" id=\"style-css-av-av_image-0d77a086991fc3fcb500e123b73ae28b\">\n.avia-image-container.av-av_image-0d77a086991fc3fcb500e123b73ae28b img.avia_image{\nbox-shadow:none;\n}\n.avia-image-container.av-av_image-0d77a086991fc3fcb500e123b73ae28b .av-image-caption-overlay-center{\ncolor:#ffffff;\n}\n<\/style>\n<div  class='avia-image-container av-av_image-0d77a086991fc3fcb500e123b73ae28b av-styling- av-img-linked avia-align-left  avia-builder-el-6  el_before_av_hr  avia-builder-el-first '   itemprop=\"image\" itemscope=\"itemscope\" itemtype=\"https:\/\/schema.org\/ImageObject\" ><div class=\"avia-image-container-inner\"><div class=\"avia-image-overlay-wrap\"><a href=\"https:\/\/www.iecd.org\/iecd2\/wp-content\/uploads\/2017\/10\/aide-a-la-prise-de-vues-et-au-recueil-de-temoignages-iecd-fr-1-1200x900.jpg\" data-srcset=\"https:\/\/www.iecd.org\/iecd2\/wp-content\/uploads\/2017\/10\/aide-a-la-prise-de-vues-et-au-recueil-de-temoignages-iecd-fr-1-1200x900.jpg 1200w, https:\/\/www.iecd.org\/iecd2\/wp-content\/uploads\/2017\/10\/aide-a-la-prise-de-vues-et-au-recueil-de-temoignages-iecd-fr-1-533x400.jpg 533w, https:\/\/www.iecd.org\/iecd2\/wp-content\/uploads\/2017\/10\/aide-a-la-prise-de-vues-et-au-recueil-de-temoignages-iecd-fr-1-768x576.jpg 768w, https:\/\/www.iecd.org\/iecd2\/wp-content\/uploads\/2017\/10\/aide-a-la-prise-de-vues-et-au-recueil-de-temoignages-iecd-fr-1-1536x1152.jpg 1536w, https:\/\/www.iecd.org\/iecd2\/wp-content\/uploads\/2017\/10\/aide-a-la-prise-de-vues-et-au-recueil-de-temoignages-iecd-fr-1-2048x1536.jpg 2048w, https:\/\/www.iecd.org\/iecd2\/wp-content\/uploads\/2017\/10\/aide-a-la-prise-de-vues-et-au-recueil-de-temoignages-iecd-fr-1-1500x1125.jpg 1500w, https:\/\/www.iecd.org\/iecd2\/wp-content\/uploads\/2017\/10\/aide-a-la-prise-de-vues-et-au-recueil-de-temoignages-iecd-fr-1-705x529.jpg 705w\" data-sizes=\"(max-width: 1200px) 100vw, 1200px\" class='avia_image '  target=\"_blank\"  rel=\"noopener noreferrer\" aria-label='Aide-a\u0300-la-prise-de-vues-et-au-recueil-de-te\u0301moignages-IECD-FR-1'><img decoding=\"async\" fetchpriority=\"high\" class='wp-image-7397 avia-img-lazy-loading-not-7397 avia_image ' src=\"https:\/\/www.iecd.org\/iecd2\/wp-content\/uploads\/2017\/10\/aide-a-la-prise-de-vues-et-au-recueil-de-temoignages-iecd-fr-1-1200x900.jpg\" alt='' title='Aide-a\u0300-la-prise-de-vues-et-au-recueil-de-te\u0301moignages-IECD-FR-1'  height=\"900\" width=\"1200\"  itemprop=\"thumbnailUrl\" srcset=\"https:\/\/www.iecd.org\/iecd2\/wp-content\/uploads\/2017\/10\/aide-a-la-prise-de-vues-et-au-recueil-de-temoignages-iecd-fr-1-1200x900.jpg 1200w, https:\/\/www.iecd.org\/iecd2\/wp-content\/uploads\/2017\/10\/aide-a-la-prise-de-vues-et-au-recueil-de-temoignages-iecd-fr-1-533x400.jpg 533w, https:\/\/www.iecd.org\/iecd2\/wp-content\/uploads\/2017\/10\/aide-a-la-prise-de-vues-et-au-recueil-de-temoignages-iecd-fr-1-768x576.jpg 768w, https:\/\/www.iecd.org\/iecd2\/wp-content\/uploads\/2017\/10\/aide-a-la-prise-de-vues-et-au-recueil-de-temoignages-iecd-fr-1-1536x1152.jpg 1536w, https:\/\/www.iecd.org\/iecd2\/wp-content\/uploads\/2017\/10\/aide-a-la-prise-de-vues-et-au-recueil-de-temoignages-iecd-fr-1-2048x1536.jpg 2048w, https:\/\/www.iecd.org\/iecd2\/wp-content\/uploads\/2017\/10\/aide-a-la-prise-de-vues-et-au-recueil-de-temoignages-iecd-fr-1-1500x1125.jpg 1500w, https:\/\/www.iecd.org\/iecd2\/wp-content\/uploads\/2017\/10\/aide-a-la-prise-de-vues-et-au-recueil-de-temoignages-iecd-fr-1-705x529.jpg 705w\" sizes=\"(max-width: 1200px) 100vw, 1200px\" \/><\/a><\/div><\/div><\/div><br \/>\n\n<style type=\"text\/css\" data-created_by=\"avia_inline_auto\" id=\"style-css-av-av_hr-bd84104f09c397338597807ab31c6aca\">\n#top .hr.hr-invisible.av-av_hr-bd84104f09c397338597807ab31c6aca{\nheight:15px;\n}\n<\/style>\n<div  class='hr av-av_hr-bd84104f09c397338597807ab31c6aca hr-invisible  avia-builder-el-7  el_after_av_image  el_before_av_button '><span class='hr-inner '><span class=\"hr-inner-style\"><\/span><\/span><\/div><br \/>\n<div  class='avia-button-wrap av-av_button-e5a10b770e17cd67e03ae00d45fccedb-wrap avia-button-left  avia-builder-el-8  el_after_av_hr  el_before_av_button '><a href='http:\/\/www.iecd.org\/iecd\/wp-content\/uploads\/2017\/11\/Aide-\u00e0-la-prise-de-vues-et-au-recueil-de-t\u00e9moignages-IECD-FR-anim\u00e9.pptx'  class='avia-button av-av_button-e5a10b770e17cd67e03ae00d45fccedb av-link-btn avia-icon_select-yes-right-icon avia-size-medium avia-position-left avia-color-dark'  target=\"_blank\"  rel=\"noopener noreferrer\"  aria-label=\"T\u00e9l\u00e9charger le Powerpoint anim\u00e9 (PPTX)\"><span class='avia_iconbox_title' >T\u00e9l\u00e9charger le Powerpoint anim\u00e9 (PPTX)<\/span><span class='avia_button_icon avia_button_icon_right avia-iconfont avia-font-entypo-fontello' data-av_icon='\ue875' data-av_iconfont='entypo-fontello' ><\/span><\/a><\/div><br \/>\n<div  class='avia-button-wrap av-av_button-227602d9f076e8d7666acdea30e26799-wrap avia-button-left  avia-builder-el-9  el_after_av_button  avia-builder-el-last '><a href='http:\/\/www.iecd.org\/iecd\/wp-content\/uploads\/2017\/10\/Aide-\u00e0-la-prise-de-vues-et-au-recueil-de-t\u00e9moignages-IECD-FR.pdf'  class='avia-button av-av_button-227602d9f076e8d7666acdea30e26799 av-link-btn avia-icon_select-yes-right-icon avia-size-medium avia-position-left avia-color-dark'  target=\"_blank\"  rel=\"noopener noreferrer\"  aria-label=\"T\u00e9l\u00e9chargez le PDF\"><span class='avia_iconbox_title' >T\u00e9l\u00e9chargez le PDF<\/span><span class='avia_button_icon avia_button_icon_right avia-iconfont avia-font-entypo-fontello' data-av_icon='\ue875' data-av_iconfont='entypo-fontello' ><\/span><\/a><\/div><\/p><\/div>\n\n<style type=\"text\/css\" data-created_by=\"avia_inline_auto\" id=\"style-css-av-av_one_fourth-de02ff6c6bb29fc4ff1e98b6fcee57c3\">\n.flex_column.av-av_one_fourth-de02ff6c6bb29fc4ff1e98b6fcee57c3{\nborder-radius:0px 0px 0px 0px;\npadding:0px 0px 0px 0px;\n}\n<\/style>\n<div  class='flex_column av-av_one_fourth-de02ff6c6bb29fc4ff1e98b6fcee57c3 av_one_fourth  avia-builder-el-10  el_after_av_one_fourth  el_before_av_hr  flex_column_div av-zero-column-padding  '     ><p>\n<style type=\"text\/css\" data-created_by=\"avia_inline_auto\" id=\"style-css-av-av_image-a8a5df10e3c586f949bcf41e65d7ea39\">\n.avia-image-container.av-av_image-a8a5df10e3c586f949bcf41e65d7ea39 img.avia_image{\nbox-shadow:none;\n}\n.avia-image-container.av-av_image-a8a5df10e3c586f949bcf41e65d7ea39 .av-image-caption-overlay-center{\ncolor:#ffffff;\n}\n<\/style>\n<div  class='avia-image-container av-av_image-a8a5df10e3c586f949bcf41e65d7ea39 av-styling- av-img-linked avia-align-left  avia-builder-el-11  el_before_av_hr  avia-builder-el-first '   itemprop=\"image\" itemscope=\"itemscope\" itemtype=\"https:\/\/schema.org\/ImageObject\" ><div class=\"avia-image-container-inner\"><div class=\"avia-image-overlay-wrap\"><a href=\"https:\/\/www.iecd.org\/iecd2\/wp-content\/uploads\/2017\/11\/Help-for-taking-photos-and-collecting-testimonials-IECD-EN-1200x900.jpg\" data-srcset=\"https:\/\/www.iecd.org\/iecd2\/wp-content\/uploads\/2017\/11\/Help-for-taking-photos-and-collecting-testimonials-IECD-EN-1200x900.jpg 1200w, https:\/\/www.iecd.org\/iecd2\/wp-content\/uploads\/2017\/11\/Help-for-taking-photos-and-collecting-testimonials-IECD-EN-533x400.jpg 533w, https:\/\/www.iecd.org\/iecd2\/wp-content\/uploads\/2017\/11\/Help-for-taking-photos-and-collecting-testimonials-IECD-EN-768x576.jpg 768w, https:\/\/www.iecd.org\/iecd2\/wp-content\/uploads\/2017\/11\/Help-for-taking-photos-and-collecting-testimonials-IECD-EN-1536x1152.jpg 1536w, https:\/\/www.iecd.org\/iecd2\/wp-content\/uploads\/2017\/11\/Help-for-taking-photos-and-collecting-testimonials-IECD-EN-2048x1536.jpg 2048w, https:\/\/www.iecd.org\/iecd2\/wp-content\/uploads\/2017\/11\/Help-for-taking-photos-and-collecting-testimonials-IECD-EN-1500x1125.jpg 1500w, https:\/\/www.iecd.org\/iecd2\/wp-content\/uploads\/2017\/11\/Help-for-taking-photos-and-collecting-testimonials-IECD-EN-705x529.jpg 705w\" data-sizes=\"(max-width: 1200px) 100vw, 1200px\" class='avia_image '  target=\"_blank\"  rel=\"noopener noreferrer\" aria-label='Help for taking photos and collecting testimonials IECD - EN'><img decoding=\"async\" fetchpriority=\"high\" class='wp-image-7399 avia-img-lazy-loading-not-7399 avia_image ' src=\"https:\/\/www.iecd.org\/iecd2\/wp-content\/uploads\/2017\/11\/Help-for-taking-photos-and-collecting-testimonials-IECD-EN-1200x900.jpg\" alt='' title='Help for taking photos and collecting testimonials IECD - EN'  height=\"900\" width=\"1200\"  itemprop=\"thumbnailUrl\" srcset=\"https:\/\/www.iecd.org\/iecd2\/wp-content\/uploads\/2017\/11\/Help-for-taking-photos-and-collecting-testimonials-IECD-EN-1200x900.jpg 1200w, https:\/\/www.iecd.org\/iecd2\/wp-content\/uploads\/2017\/11\/Help-for-taking-photos-and-collecting-testimonials-IECD-EN-533x400.jpg 533w, https:\/\/www.iecd.org\/iecd2\/wp-content\/uploads\/2017\/11\/Help-for-taking-photos-and-collecting-testimonials-IECD-EN-768x576.jpg 768w, https:\/\/www.iecd.org\/iecd2\/wp-content\/uploads\/2017\/11\/Help-for-taking-photos-and-collecting-testimonials-IECD-EN-1536x1152.jpg 1536w, https:\/\/www.iecd.org\/iecd2\/wp-content\/uploads\/2017\/11\/Help-for-taking-photos-and-collecting-testimonials-IECD-EN-2048x1536.jpg 2048w, https:\/\/www.iecd.org\/iecd2\/wp-content\/uploads\/2017\/11\/Help-for-taking-photos-and-collecting-testimonials-IECD-EN-1500x1125.jpg 1500w, https:\/\/www.iecd.org\/iecd2\/wp-content\/uploads\/2017\/11\/Help-for-taking-photos-and-collecting-testimonials-IECD-EN-705x529.jpg 705w\" sizes=\"(max-width: 1200px) 100vw, 1200px\" \/><\/a><\/div><\/div><\/div><br \/>\n\n<style type=\"text\/css\" data-created_by=\"avia_inline_auto\" id=\"style-css-av-av_hr-bd84104f09c397338597807ab31c6aca\">\n#top .hr.hr-invisible.av-av_hr-bd84104f09c397338597807ab31c6aca{\nheight:15px;\n}\n<\/style>\n<div  class='hr av-av_hr-bd84104f09c397338597807ab31c6aca hr-invisible  avia-builder-el-12  el_after_av_image  el_before_av_button '><span class='hr-inner '><span class=\"hr-inner-style\"><\/span><\/span><\/div><br \/>\n<div  class='avia-button-wrap av-av_button-6a8352645f72e462ee200ce2ea503fee-wrap avia-button-left  avia-builder-el-13  el_after_av_hr  el_before_av_button '><a href='http:\/\/www.iecd.org\/iecd\/wp-content\/uploads\/2017\/11\/Help-for-taking-photos-and-collecting-testimonials-IECD-EN-anim\u00e9.pptx'  class='avia-button av-av_button-6a8352645f72e462ee200ce2ea503fee av-link-btn avia-icon_select-yes-right-icon avia-size-medium avia-position-left avia-color-dark'  target=\"_blank\"  rel=\"noopener noreferrer\"  aria-label=\"Download the animated Powerpoint (PPTX)\"><span class='avia_iconbox_title' >Download the animated Powerpoint (PPTX)<\/span><span class='avia_button_icon avia_button_icon_right avia-iconfont avia-font-entypo-fontello' data-av_icon='\ue875' data-av_iconfont='entypo-fontello' ><\/span><\/a><\/div><br \/>\n<div  class='avia-button-wrap av-av_button-a1951b592c25ccfc8d524df542633193-wrap avia-button-left  avia-builder-el-14  el_after_av_button  avia-builder-el-last '><a href='http:\/\/www.iecd.org\/iecd\/wp-content\/uploads\/2017\/11\/Help-for-taking-photos-and-collecting-testimonials-IECD-EN.pdf'  class='avia-button av-av_button-a1951b592c25ccfc8d524df542633193 av-link-btn avia-icon_select-yes-right-icon avia-size-medium avia-position-left avia-color-dark'  target=\"_blank\"  rel=\"noopener noreferrer\"  aria-label=\"Download the PDF\"><span class='avia_iconbox_title' >Download the PDF<\/span><span class='avia_button_icon avia_button_icon_right avia-iconfont avia-font-entypo-fontello' data-av_icon='\ue875' data-av_iconfont='entypo-fontello' ><\/span><\/a><\/div><\/p><\/div>\n<div  class='hr av-av_hr-dcd2069817a0e3d34ae04cad8f3443c7 hr-default  avia-builder-el-15  el_after_av_one_fourth  el_before_av_heading '><span class='hr-inner '><span class=\"hr-inner-style\"><\/span><\/span><\/div>\n\n<style type=\"text\/css\" data-created_by=\"avia_inline_auto\" id=\"style-css-av-av_heading-87e870a30468a0b59a6f270ba334e350\">\n#top .av-special-heading.av-av_heading-87e870a30468a0b59a6f270ba334e350{\npadding-bottom:10px;\n}\nbody .av-special-heading.av-av_heading-87e870a30468a0b59a6f270ba334e350 .av-special-heading-tag .heading-char{\nfont-size:25px;\n}\n.av-special-heading.av-av_heading-87e870a30468a0b59a6f270ba334e350 .av-subheading{\nfont-size:15px;\n}\n<\/style>\n<div  class='av-special-heading av-av_heading-87e870a30468a0b59a6f270ba334e350 av-special-heading-h3  avia-builder-el-16  el_after_av_hr  el_before_av_one_fourth '><h3 class='av-special-heading-tag '  itemprop=\"headline\"  >Termes de r\u00e9f\u00e9rence pour une mission photo (mod\u00e8le)<\/h3><div class=\"special-heading-border\"><div class=\"special-heading-inner-border\"><\/div><\/div><\/div>\n\n<style type=\"text\/css\" data-created_by=\"avia_inline_auto\" id=\"style-css-av-av_one_fourth-40e04e59702ace7aa4422b20c9839dbe\">\n.flex_column.av-av_one_fourth-40e04e59702ace7aa4422b20c9839dbe{\nborder-radius:0px 0px 0px 0px;\npadding:0px 0px 0px 0px;\n}\n<\/style>\n<div  class='flex_column av-av_one_fourth-40e04e59702ace7aa4422b20c9839dbe av_one_fourth  avia-builder-el-17  el_after_av_heading  el_before_av_hr  first flex_column_div av-zero-column-padding  '     ><div  class='avia-button-wrap av-av_button-c2ddb5ff9ad08d06c287e1bc4e0f466e-wrap avia-button-left  avia-builder-el-18  avia-builder-el-no-sibling '><a href='http:\/\/www.iecd.org\/iecd\/wp-content\/uploads\/2017\/10\/TDR-Mission-photographique-mod\u00e8le.docx'  class='avia-button av-av_button-c2ddb5ff9ad08d06c287e1bc4e0f466e av-link-btn avia-icon_select-yes-right-icon avia-size-medium avia-position-left avia-color-dark'  target=\"_blank\"  rel=\"noopener noreferrer\"  aria-label=\"T\u00e9l\u00e9charger en fran\u00e7ais (PPT)\"><span class='avia_iconbox_title' >T\u00e9l\u00e9charger en fran\u00e7ais (PPT)<\/span><span class='avia_button_icon avia_button_icon_right avia-iconfont avia-font-entypo-fontello' data-av_icon='\ue875' data-av_iconfont='entypo-fontello' ><\/span><\/a><\/div><\/div>\n\n<style type=\"text\/css\" data-created_by=\"avia_inline_auto\" id=\"style-css-av-av_hr-0688d0b0b6ed2f8b057db7a8270206df\">\n#top .hr.hr-invisible.av-av_hr-0688d0b0b6ed2f8b057db7a8270206df{\nheight:50px;\n}\n<\/style>\n<div  class='hr av-av_hr-0688d0b0b6ed2f8b057db7a8270206df hr-invisible  avia-builder-el-19  el_after_av_one_fourth  avia-builder-el-last '><span class='hr-inner '><span class=\"hr-inner-style\"><\/span><\/span><\/div>\n","protected":false},"excerpt":{"rendered":"","protected":false},"author":4,"featured_media":0,"parent":7651,"menu_order":0,"comment_status":"closed","ping_status":"closed","template":"","meta":{"footnotes":""},"class_list":["post-7611","page","type-page","status-publish","hentry"],"yoast_head":"<!-- This site is optimized with the Yoast SEO plugin v27.3 - https:\/\/yoast.com\/product\/yoast-seo-wordpress\/ -->\n<title>Guides et manuels \/ Handbook and manual - iecd<\/title>\n<meta name=\"robots\" content=\"index, follow, max-snippet:-1, max-image-preview:large, max-video-preview:-1\" \/>\n<link rel=\"canonical\" href=\"https:\/\/www.iecd.org\/en\/outils_communication_communication_tools\/guides-et-manuels\/\" \/>\n<meta property=\"og:locale\" content=\"en_US\" \/>\n<meta property=\"og:type\" content=\"article\" \/>\n<meta property=\"og:title\" content=\"Guides et manuels \/ Handbook and manual - iecd\" \/>\n<meta property=\"og:url\" content=\"https:\/\/www.iecd.org\/en\/outils_communication_communication_tools\/guides-et-manuels\/\" \/>\n<meta property=\"og:site_name\" content=\"iecd\" \/>\n<meta property=\"article:modified_time\" content=\"2017-11-29T16:11:11+00:00\" \/>\n<meta name=\"twitter:card\" content=\"summary_large_image\" \/>\n<meta name=\"twitter:label1\" content=\"Est. reading time\" \/>\n\t<meta name=\"twitter:data1\" content=\"5 minutes\" \/>\n<script type=\"application\/ld+json\" class=\"yoast-schema-graph\">{\"@context\":\"https:\\\/\\\/schema.org\",\"@graph\":[{\"@type\":\"WebPage\",\"@id\":\"https:\\\/\\\/www.iecd.org\\\/en\\\/outils_communication_communication_tools\\\/guides-et-manuels\\\/\",\"url\":\"https:\\\/\\\/www.iecd.org\\\/en\\\/outils_communication_communication_tools\\\/guides-et-manuels\\\/\",\"name\":\"Guides et manuels \\\/ Handbook and manual - iecd\",\"isPartOf\":{\"@id\":\"https:\\\/\\\/www.iecd.org\\\/#website\"},\"datePublished\":\"2017-10-24T16:16:17+00:00\",\"dateModified\":\"2017-11-29T16:11:11+00:00\",\"breadcrumb\":{\"@id\":\"https:\\\/\\\/www.iecd.org\\\/en\\\/outils_communication_communication_tools\\\/guides-et-manuels\\\/#breadcrumb\"},\"inLanguage\":\"en-US\",\"potentialAction\":[{\"@type\":\"ReadAction\",\"target\":[\"https:\\\/\\\/www.iecd.org\\\/en\\\/outils_communication_communication_tools\\\/guides-et-manuels\\\/\"]}]},{\"@type\":\"BreadcrumbList\",\"@id\":\"https:\\\/\\\/www.iecd.org\\\/en\\\/outils_communication_communication_tools\\\/guides-et-manuels\\\/#breadcrumb\",\"itemListElement\":[{\"@type\":\"ListItem\",\"position\":1,\"name\":\"Accueil\",\"item\":\"https:\\\/\\\/www.iecd.org\\\/en\\\/accueil-fevrier-2022-b\\\/\"},{\"@type\":\"ListItem\",\"position\":2,\"name\":\"Vos outils de communication \\\/ your communication tools\",\"item\":\"https:\\\/\\\/www.iecd.org\\\/en\\\/outils_communication_communication_tools\\\/\"},{\"@type\":\"ListItem\",\"position\":3,\"name\":\"Guides et manuels \\\/ Handbook and manual\"}]},{\"@type\":\"WebSite\",\"@id\":\"https:\\\/\\\/www.iecd.org\\\/#website\",\"url\":\"https:\\\/\\\/www.iecd.org\\\/\",\"name\":\"iecd\",\"description\":\"semeurs d&#039;avenir\",\"potentialAction\":[{\"@type\":\"SearchAction\",\"target\":{\"@type\":\"EntryPoint\",\"urlTemplate\":\"https:\\\/\\\/www.iecd.org\\\/?s={search_term_string}\"},\"query-input\":{\"@type\":\"PropertyValueSpecification\",\"valueRequired\":true,\"valueName\":\"search_term_string\"}}],\"inLanguage\":\"en-US\"}]}<\/script>\n<!-- \/ Yoast SEO plugin. -->","yoast_head_json":{"title":"Guides et manuels \/ Handbook and manual - iecd","robots":{"index":"index","follow":"follow","max-snippet":"max-snippet:-1","max-image-preview":"max-image-preview:large","max-video-preview":"max-video-preview:-1"},"canonical":"https:\/\/www.iecd.org\/en\/outils_communication_communication_tools\/guides-et-manuels\/","og_locale":"en_US","og_type":"article","og_title":"Guides et manuels \/ Handbook and manual - iecd","og_url":"https:\/\/www.iecd.org\/en\/outils_communication_communication_tools\/guides-et-manuels\/","og_site_name":"iecd","article_modified_time":"2017-11-29T16:11:11+00:00","twitter_card":"summary_large_image","twitter_misc":{"Est. reading time":"5 minutes"},"schema":{"@context":"https:\/\/schema.org","@graph":[{"@type":"WebPage","@id":"https:\/\/www.iecd.org\/en\/outils_communication_communication_tools\/guides-et-manuels\/","url":"https:\/\/www.iecd.org\/en\/outils_communication_communication_tools\/guides-et-manuels\/","name":"Guides et manuels \/ Handbook and manual - iecd","isPartOf":{"@id":"https:\/\/www.iecd.org\/#website"},"datePublished":"2017-10-24T16:16:17+00:00","dateModified":"2017-11-29T16:11:11+00:00","breadcrumb":{"@id":"https:\/\/www.iecd.org\/en\/outils_communication_communication_tools\/guides-et-manuels\/#breadcrumb"},"inLanguage":"en-US","potentialAction":[{"@type":"ReadAction","target":["https:\/\/www.iecd.org\/en\/outils_communication_communication_tools\/guides-et-manuels\/"]}]},{"@type":"BreadcrumbList","@id":"https:\/\/www.iecd.org\/en\/outils_communication_communication_tools\/guides-et-manuels\/#breadcrumb","itemListElement":[{"@type":"ListItem","position":1,"name":"Accueil","item":"https:\/\/www.iecd.org\/en\/accueil-fevrier-2022-b\/"},{"@type":"ListItem","position":2,"name":"Vos outils de communication \/ your communication tools","item":"https:\/\/www.iecd.org\/en\/outils_communication_communication_tools\/"},{"@type":"ListItem","position":3,"name":"Guides et manuels \/ Handbook and manual"}]},{"@type":"WebSite","@id":"https:\/\/www.iecd.org\/#website","url":"https:\/\/www.iecd.org\/","name":"iecd","description":"semeurs d&#039;avenir","potentialAction":[{"@type":"SearchAction","target":{"@type":"EntryPoint","urlTemplate":"https:\/\/www.iecd.org\/?s={search_term_string}"},"query-input":{"@type":"PropertyValueSpecification","valueRequired":true,"valueName":"search_term_string"}}],"inLanguage":"en-US"}]}},"_links":{"self":[{"href":"https:\/\/www.iecd.org\/en\/wp-json\/wp\/v2\/pages\/7611","targetHints":{"allow":["GET"]}}],"collection":[{"href":"https:\/\/www.iecd.org\/en\/wp-json\/wp\/v2\/pages"}],"about":[{"href":"https:\/\/www.iecd.org\/en\/wp-json\/wp\/v2\/types\/page"}],"author":[{"embeddable":true,"href":"https:\/\/www.iecd.org\/en\/wp-json\/wp\/v2\/users\/4"}],"replies":[{"embeddable":true,"href":"https:\/\/www.iecd.org\/en\/wp-json\/wp\/v2\/comments?post=7611"}],"version-history":[{"count":0,"href":"https:\/\/www.iecd.org\/en\/wp-json\/wp\/v2\/pages\/7611\/revisions"}],"up":[{"embeddable":true,"href":"https:\/\/www.iecd.org\/en\/wp-json\/wp\/v2\/pages\/7651"}],"wp:attachment":[{"href":"https:\/\/www.iecd.org\/en\/wp-json\/wp\/v2\/media?parent=7611"}],"curies":[{"name":"wp","href":"https:\/\/api.w.org\/{rel}","templated":true}]}}