{"id":7607,"date":"2017-10-24T17:02:16","date_gmt":"2017-10-24T16:02:16","guid":{"rendered":"http:\/\/www.iecd.org\/en\/7167-2\/"},"modified":"2018-02-26T14:23:33","modified_gmt":"2018-02-26T13:23:33","slug":"7167-2","status":"publish","type":"page","link":"https:\/\/www.iecd.org\/en\/outils_communication_communication_tools\/7167-2\/","title":{"rendered":"Formulaires communication \/ communication forms"},"content":{"rendered":"\n<style type=\"text\/css\" data-created_by=\"avia_inline_auto\" id=\"style-css-av-av_section-27f0c6db5b79606159c5d92af3b23c18\">\n.avia-section.av-av_section-27f0c6db5b79606159c5d92af3b23c18{\nbackground-color:#c0002a;\nbackground-image:unset;\n}\n<\/style>\n<div id='av_section_1'  class='avia-section av-av_section-27f0c6db5b79606159c5d92af3b23c18 main_color avia-section-default avia-no-shadow  avia-builder-el-0  el_before_av_heading  avia-builder-el-first  avia-bg-style-scroll container_wrap fullsize'  ><div class='container av-section-cont-open' ><main  role=\"main\" itemprop=\"mainContentOfPage\"  class='template-page content  av-content-full alpha units'><div class='post-entry post-entry-type-page post-entry-7607'><div class='entry-content-wrapper clearfix'>\n\n<style type=\"text\/css\" data-created_by=\"avia_inline_auto\" id=\"style-css-av-av_hr-a6de236e6c183bbbd700292deacd2b52\">\n#top .hr.hr-invisible.av-av_hr-a6de236e6c183bbbd700292deacd2b52{\nheight:20px;\n}\n<\/style>\n<div  class='hr av-av_hr-a6de236e6c183bbbd700292deacd2b52 hr-invisible  avia-builder-el-1  el_before_av_textblock  avia-builder-el-first '><span class='hr-inner '><span class=\"hr-inner-style\"><\/span><\/span><\/div>\n<section  class='av_textblock_section av-av_textblock-0366cc7376be6c9e82a3e9cc8987b64f '   itemscope=\"itemscope\" itemtype=\"https:\/\/schema.org\/CreativeWork\" ><div class='avia_textblock'  itemprop=\"text\" ><h2 style=\"text-align: center;\"><span style=\"color: #000000;\"><span style=\"color: #ffffff;\">FORMULAIRES \/ FORMS<\/span><br \/>\n<\/span><\/h2>\n<\/div><\/section>\n\n<style type=\"text\/css\" data-created_by=\"avia_inline_auto\" id=\"style-css-av-av_hr-5ea7596238ed9f191e6b5e662093052f\">\n#top .hr.hr-invisible.av-av_hr-5ea7596238ed9f191e6b5e662093052f{\nheight:30px;\n}\n<\/style>\n<div  class='hr av-av_hr-5ea7596238ed9f191e6b5e662093052f hr-invisible  avia-builder-el-3  el_after_av_textblock  avia-builder-el-last '><span class='hr-inner '><span class=\"hr-inner-style\"><\/span><\/span><\/div>\n<\/div><\/div><\/main><!-- close content main element --><\/div><\/div><div id='after_section_1'  class='main_color av_default_container_wrap container_wrap fullsize'  ><div class='container av-section-cont-open' ><div class='template-page content  av-content-full alpha units'><div class='post-entry post-entry-type-page post-entry-7607'><div class='entry-content-wrapper clearfix'>\n\n<style type=\"text\/css\" data-created_by=\"avia_inline_auto\" id=\"style-css-av-av_heading-2b08a0d353d3dbaa3700f65091caeced\">\n#top .av-special-heading.av-av_heading-2b08a0d353d3dbaa3700f65091caeced{\npadding-bottom:10px;\n}\nbody .av-special-heading.av-av_heading-2b08a0d353d3dbaa3700f65091caeced .av-special-heading-tag .heading-char{\nfont-size:25px;\n}\n.av-special-heading.av-av_heading-2b08a0d353d3dbaa3700f65091caeced .av-subheading{\nfont-size:15px;\n}\n<\/style>\n<div  class='av-special-heading av-av_heading-2b08a0d353d3dbaa3700f65091caeced av-special-heading-h3  avia-builder-el-4  el_after_av_section  el_before_av_one_fourth  avia-builder-el-first '><h3 class='av-special-heading-tag '  itemprop=\"headline\"  >Mod\u00e8les \/ Templates<\/h3><div class=\"special-heading-border\"><div class=\"special-heading-inner-border\"><\/div><\/div><\/div>\n\n<style type=\"text\/css\" data-created_by=\"avia_inline_auto\" id=\"style-css-av-av_one_fourth-40e04e59702ace7aa4422b20c9839dbe\">\n.flex_column.av-av_one_fourth-40e04e59702ace7aa4422b20c9839dbe{\nborder-radius:0px 0px 0px 0px;\npadding:0px 0px 0px 0px;\n}\n<\/style>\n<div  class='flex_column av-av_one_fourth-40e04e59702ace7aa4422b20c9839dbe av_one_fourth  avia-builder-el-5  el_after_av_heading  el_before_av_one_fourth  first flex_column_div av-zero-column-padding  '     ><p><div  class='avia-button-wrap av-av_button-f04a602fa5cfb34a6c28ceb49b33e5b5-wrap avia-button-left  avia-builder-el-6  el_before_av_button  avia-builder-el-first '><a href='http:\/\/www.iecd.org\/iecd\/wp-content\/uploads\/2017\/12\/IECD-courrier-Mod\u00e8le-Template.dotx'  class='avia-button av-av_button-f04a602fa5cfb34a6c28ceb49b33e5b5 av-link-btn avia-icon_select-yes-right-icon avia-size-medium avia-position-left avia-color-dark'  target=\"_blank\"  rel=\"noopener noreferrer\"  aria-label=\"T\u00e9l\u00e9charger un mod\u00e8le de courrier\"><span class='avia_iconbox_title' >T\u00e9l\u00e9charger un mod\u00e8le de courrier<\/span><span class='avia_button_icon avia_button_icon_right avia-iconfont avia-font-entypo-fontello' data-av_icon='\ue875' data-av_iconfont='entypo-fontello' ><\/span><\/a><\/div><br \/>\n<div  class='avia-button-wrap av-av_button-aae3e833366ac00866390a440fe8ffaa-wrap avia-button-left  avia-builder-el-7  el_after_av_button  el_before_av_button '><a href='http:\/\/www.iecd.org\/iecd\/wp-content\/uploads\/2017\/12\/IECD-document-Mod\u00e8le-Template.dotx'  class='avia-button av-av_button-aae3e833366ac00866390a440fe8ffaa av-link-btn avia-icon_select-yes-right-icon avia-size-medium avia-position-left avia-color-dark'  target=\"_blank\"  rel=\"noopener noreferrer\"  aria-label=\"T\u00e9l\u00e9charger un mod\u00e8le de document Word \/ Download a Word template\"><span class='avia_iconbox_title' >T\u00e9l\u00e9charger un mod\u00e8le de document Word \/ Download a Word template<\/span><span class='avia_button_icon avia_button_icon_right avia-iconfont avia-font-entypo-fontello' data-av_icon='\ue875' data-av_iconfont='entypo-fontello' ><\/span><\/a><\/div><br \/>\n<div  class='avia-button-wrap av-av_button-323ae135274fbd2855ffe28822118c28-wrap avia-button-left  avia-builder-el-8  el_after_av_button  avia-builder-el-last '><a href='http:\/\/www.iecd.org\/iecd\/wp-content\/uploads\/2018\/02\/IECD-pr\u00e9sentation-Mod\u00e8le-Template.potx'  class='avia-button av-av_button-323ae135274fbd2855ffe28822118c28 av-link-btn avia-icon_select-yes-right-icon avia-size-medium avia-position-left avia-color-dark'  target=\"_blank\"  rel=\"noopener noreferrer\"  aria-label=\"T\u00e9l\u00e9charger un mod\u00e8le de Powerpoint \/ Download a Powerpoint template\"><span class='avia_iconbox_title' >T\u00e9l\u00e9charger un mod\u00e8le de Powerpoint \/ Download a Powerpoint template<\/span><span class='avia_button_icon avia_button_icon_right avia-iconfont avia-font-entypo-fontello' data-av_icon='\ue875' data-av_iconfont='entypo-fontello' ><\/span><\/a><\/div><\/p><\/div>\n\n<style type=\"text\/css\" data-created_by=\"avia_inline_auto\" id=\"style-css-av-av_one_fourth-de02ff6c6bb29fc4ff1e98b6fcee57c3\">\n.flex_column.av-av_one_fourth-de02ff6c6bb29fc4ff1e98b6fcee57c3{\nborder-radius:0px 0px 0px 0px;\npadding:0px 0px 0px 0px;\n}\n<\/style>\n<div  class='flex_column av-av_one_fourth-de02ff6c6bb29fc4ff1e98b6fcee57c3 av_one_fourth  avia-builder-el-9  el_after_av_one_fourth  el_before_av_one_fourth  flex_column_div av-zero-column-padding  '     ><\/div>\n\n<style type=\"text\/css\" data-created_by=\"avia_inline_auto\" id=\"style-css-av-av_one_fourth-de02ff6c6bb29fc4ff1e98b6fcee57c3\">\n.flex_column.av-av_one_fourth-de02ff6c6bb29fc4ff1e98b6fcee57c3{\nborder-radius:0px 0px 0px 0px;\npadding:0px 0px 0px 0px;\n}\n<\/style>\n<div  class='flex_column av-av_one_fourth-de02ff6c6bb29fc4ff1e98b6fcee57c3 av_one_fourth  avia-builder-el-10  el_after_av_one_fourth  el_before_av_heading  flex_column_div av-zero-column-padding  '     ><\/div>\n\n<style type=\"text\/css\" data-created_by=\"avia_inline_auto\" id=\"style-css-av-av_heading-f7a4d6324ede3d4a795630e9fcf1a31c\">\n#top .av-special-heading.av-av_heading-f7a4d6324ede3d4a795630e9fcf1a31c{\npadding-bottom:10px;\n}\nbody .av-special-heading.av-av_heading-f7a4d6324ede3d4a795630e9fcf1a31c .av-special-heading-tag .heading-char{\nfont-size:25px;\n}\n.av-special-heading.av-av_heading-f7a4d6324ede3d4a795630e9fcf1a31c .av-subheading{\nfont-size:15px;\n}\n<\/style>\n<div  class='av-special-heading av-av_heading-f7a4d6324ede3d4a795630e9fcf1a31c av-special-heading-h3  avia-builder-el-11  el_after_av_one_fourth  el_before_av_one_fourth '><h3 class='av-special-heading-tag '  itemprop=\"headline\"  >Carte de visite \/ Business card<\/h3><div class=\"special-heading-border\"><div class=\"special-heading-inner-border\"><\/div><\/div><\/div>\n\n<style type=\"text\/css\" data-created_by=\"avia_inline_auto\" id=\"style-css-av-av_one_fourth-40e04e59702ace7aa4422b20c9839dbe\">\n.flex_column.av-av_one_fourth-40e04e59702ace7aa4422b20c9839dbe{\nborder-radius:0px 0px 0px 0px;\npadding:0px 0px 0px 0px;\n}\n<\/style>\n<div  class='flex_column av-av_one_fourth-40e04e59702ace7aa4422b20c9839dbe av_one_fourth  avia-builder-el-12  el_after_av_heading  el_before_av_hr  first flex_column_div av-zero-column-padding  '     ><div  class='avia-button-wrap av-av_button-87e65d32aeaa327d86d25ef3a390645d-wrap avia-button-left  avia-builder-el-13  avia-builder-el-no-sibling '><a href='http:\/\/www.iecd.org\/iecd\/wp-content\/uploads\/2017\/10\/Formulaire-de-demande-cartes-de-visite.docx'  class='avia-button av-av_button-87e65d32aeaa327d86d25ef3a390645d av-link-btn avia-icon_select-yes-right-icon avia-size-medium avia-position-left avia-color-dark'  target=\"_blank\"  rel=\"noopener noreferrer\"  aria-label=\"T\u00e9l\u00e9charger le formulaire \/ Download the form\"><span class='avia_iconbox_title' >T\u00e9l\u00e9charger le formulaire \/ Download the form<\/span><span class='avia_button_icon avia_button_icon_right avia-iconfont avia-font-entypo-fontello' data-av_icon='\ue875' data-av_iconfont='entypo-fontello' ><\/span><\/a><\/div><\/div>\n<style type=\"text\/css\" data-created_by=\"avia_inline_auto\" id=\"style-css-av-av_hr-0688d0b0b6ed2f8b057db7a8270206df\">\n#top .hr.hr-invisible.av-av_hr-0688d0b0b6ed2f8b057db7a8270206df{\nheight:50px;\n}\n<\/style>\n<div  class='hr av-av_hr-0688d0b0b6ed2f8b057db7a8270206df hr-invisible  avia-builder-el-14  el_after_av_one_fourth  el_before_av_heading '><span class='hr-inner '><span class=\"hr-inner-style\"><\/span><\/span><\/div><\/p>\n\n<style type=\"text\/css\" data-created_by=\"avia_inline_auto\" id=\"style-css-av-av_heading-b832d35fe16741e0a7a05b74be64263e\">\n#top .av-special-heading.av-av_heading-b832d35fe16741e0a7a05b74be64263e{\npadding-bottom:10px;\n}\nbody .av-special-heading.av-av_heading-b832d35fe16741e0a7a05b74be64263e .av-special-heading-tag .heading-char{\nfont-size:25px;\n}\n.av-special-heading.av-av_heading-b832d35fe16741e0a7a05b74be64263e .av-subheading{\nfont-size:15px;\n}\n<\/style>\n<div  class='av-special-heading av-av_heading-b832d35fe16741e0a7a05b74be64263e av-special-heading-h3  avia-builder-el-15  el_after_av_hr  el_before_av_one_fourth '><h3 class='av-special-heading-tag '  itemprop=\"headline\"  >Don par ch\u00e8que ou par virement \/ Donation form by cheque or direct debit<\/h3><div class=\"special-heading-border\"><div class=\"special-heading-inner-border\"><\/div><\/div><\/div>\n\n<style type=\"text\/css\" data-created_by=\"avia_inline_auto\" id=\"style-css-av-av_one_fourth-40e04e59702ace7aa4422b20c9839dbe\">\n.flex_column.av-av_one_fourth-40e04e59702ace7aa4422b20c9839dbe{\nborder-radius:0px 0px 0px 0px;\npadding:0px 0px 0px 0px;\n}\n<\/style>\n<div  class='flex_column av-av_one_fourth-40e04e59702ace7aa4422b20c9839dbe av_one_fourth  avia-builder-el-16  el_after_av_heading  el_before_av_one_fourth  first flex_column_div av-zero-column-padding  '     ><p><div  class='avia-button-wrap av-av_button-965c8547dfcdd53e2235753d8186a383-wrap avia-button-left  avia-builder-el-17  el_before_av_button  avia-builder-el-first '><a href=''  class='avia-button av-av_button-965c8547dfcdd53e2235753d8186a383 av-link-btn avia-icon_select-yes-right-icon avia-size-medium avia-position-left avia-color-dark'  target=\"_blank\"  rel=\"noopener noreferrer\"  aria-label=\"T\u00e9l\u00e9charger en fran\u00e7ais (PDF)\"><span class='avia_iconbox_title' >T\u00e9l\u00e9charger en fran\u00e7ais (PDF)<\/span><span class='avia_button_icon avia_button_icon_right avia-iconfont avia-font-entypo-fontello' data-av_icon='\ue875' data-av_iconfont='entypo-fontello' ><\/span><\/a><\/div><br \/>\n<div  class='avia-button-wrap av-av_button-52e0069462f166bff980d25ee9917090-wrap avia-button-left  avia-builder-el-18  el_after_av_button  avia-builder-el-last '><a href=''  class='avia-button av-av_button-52e0069462f166bff980d25ee9917090 av-link-btn avia-icon_select-yes-right-icon avia-size-medium avia-position-left avia-color-dark'  target=\"_blank\"  rel=\"noopener noreferrer\"  aria-label=\"Download in english (PDF)\"><span class='avia_iconbox_title' >Download in english (PDF)<\/span><span class='avia_button_icon avia_button_icon_right avia-iconfont avia-font-entypo-fontello' data-av_icon='\ue875' data-av_iconfont='entypo-fontello' ><\/span><\/a><\/div><\/p><\/div>\n\n<style type=\"text\/css\" data-created_by=\"avia_inline_auto\" id=\"style-css-av-av_one_fourth-de02ff6c6bb29fc4ff1e98b6fcee57c3\">\n.flex_column.av-av_one_fourth-de02ff6c6bb29fc4ff1e98b6fcee57c3{\nborder-radius:0px 0px 0px 0px;\npadding:0px 0px 0px 0px;\n}\n<\/style>\n<div  class='flex_column av-av_one_fourth-de02ff6c6bb29fc4ff1e98b6fcee57c3 av_one_fourth  avia-builder-el-19  el_after_av_one_fourth  el_before_av_hr  flex_column_div av-zero-column-padding  '     ><\/div>\n\n<style type=\"text\/css\" data-created_by=\"avia_inline_auto\" id=\"style-css-av-av_hr-0688d0b0b6ed2f8b057db7a8270206df\">\n#top .hr.hr-invisible.av-av_hr-0688d0b0b6ed2f8b057db7a8270206df{\nheight:50px;\n}\n<\/style>\n<div  class='hr av-av_hr-0688d0b0b6ed2f8b057db7a8270206df hr-invisible  avia-builder-el-20  el_after_av_one_fourth  el_before_av_heading '><span class='hr-inner '><span class=\"hr-inner-style\"><\/span><\/span><\/div>\n\n<style type=\"text\/css\" data-created_by=\"avia_inline_auto\" id=\"style-css-av-av_heading-0e7d402fbc49aca3961897b90ab6f369\">\n#top .av-special-heading.av-av_heading-0e7d402fbc49aca3961897b90ab6f369{\npadding-bottom:10px;\n}\nbody .av-special-heading.av-av_heading-0e7d402fbc49aca3961897b90ab6f369 .av-special-heading-tag .heading-char{\nfont-size:25px;\n}\n.av-special-heading.av-av_heading-0e7d402fbc49aca3961897b90ab6f369 .av-subheading{\nfont-size:15px;\n}\n<\/style>\n<div  class='av-special-heading av-av_heading-0e7d402fbc49aca3961897b90ab6f369 av-special-heading-h3  avia-builder-el-21  el_after_av_hr  el_before_av_one_fourth '><h3 class='av-special-heading-tag '  itemprop=\"headline\"  >Autorisation d\u2018exploitation d\u2019images \/ Authorization and consent to use photograph or images<\/h3><div class=\"special-heading-border\"><div class=\"special-heading-inner-border\"><\/div><\/div><\/div>\n\n<style type=\"text\/css\" data-created_by=\"avia_inline_auto\" id=\"style-css-av-av_one_fourth-40e04e59702ace7aa4422b20c9839dbe\">\n.flex_column.av-av_one_fourth-40e04e59702ace7aa4422b20c9839dbe{\nborder-radius:0px 0px 0px 0px;\npadding:0px 0px 0px 0px;\n}\n<\/style>\n<div  class='flex_column av-av_one_fourth-40e04e59702ace7aa4422b20c9839dbe av_one_fourth  avia-builder-el-22  el_after_av_heading  el_before_av_one_fourth  first flex_column_div av-zero-column-padding  '     ><p><div  class='avia-button-wrap av-av_button-72dca7c4d8f02c4a11c0dfe691843ebc-wrap avia-button-left  avia-builder-el-23  el_before_av_button  avia-builder-el-first '><a href='http:\/\/www.iecd.org\/iecd\/wp-content\/uploads\/2017\/10\/AUTORISATION-EXPLOITATION-DIMAGE-IECD.pdf'  class='avia-button av-av_button-72dca7c4d8f02c4a11c0dfe691843ebc av-link-btn avia-icon_select-yes-right-icon avia-size-medium avia-position-left avia-color-dark'  target=\"_blank\"  rel=\"noopener noreferrer\"  aria-label=\"T\u00e9l\u00e9charger en fran\u00e7ais (PDF)\"><span class='avia_iconbox_title' >T\u00e9l\u00e9charger en fran\u00e7ais (PDF)<\/span><span class='avia_button_icon avia_button_icon_right avia-iconfont avia-font-entypo-fontello' data-av_icon='\ue875' data-av_iconfont='entypo-fontello' ><\/span><\/a><\/div><br \/>\n<div  class='avia-button-wrap av-av_button-52e0069462f166bff980d25ee9917090-wrap avia-button-left  avia-builder-el-24  el_after_av_button  avia-builder-el-last '><a href=''  class='avia-button av-av_button-52e0069462f166bff980d25ee9917090 av-link-btn avia-icon_select-yes-right-icon avia-size-medium avia-position-left avia-color-dark'  target=\"_blank\"  rel=\"noopener noreferrer\"  aria-label=\"Download in english (PDF)\"><span class='avia_iconbox_title' >Download in english (PDF)<\/span><span class='avia_button_icon avia_button_icon_right avia-iconfont avia-font-entypo-fontello' data-av_icon='\ue875' data-av_iconfont='entypo-fontello' ><\/span><\/a><\/div><\/p><\/div>\n\n<style type=\"text\/css\" data-created_by=\"avia_inline_auto\" id=\"style-css-av-av_one_fourth-de02ff6c6bb29fc4ff1e98b6fcee57c3\">\n.flex_column.av-av_one_fourth-de02ff6c6bb29fc4ff1e98b6fcee57c3{\nborder-radius:0px 0px 0px 0px;\npadding:0px 0px 0px 0px;\n}\n<\/style>\n<div  class='flex_column av-av_one_fourth-de02ff6c6bb29fc4ff1e98b6fcee57c3 av_one_fourth  avia-builder-el-25  el_after_av_one_fourth  avia-builder-el-last  flex_column_div av-zero-column-padding  '     ><\/div>\n","protected":false},"excerpt":{"rendered":"","protected":false},"author":4,"featured_media":0,"parent":7651,"menu_order":0,"comment_status":"closed","ping_status":"closed","template":"","meta":{"footnotes":""},"class_list":["post-7607","page","type-page","status-publish","hentry"],"yoast_head":"<!-- This site is optimized with the Yoast SEO plugin v27.5 - https:\/\/yoast.com\/product\/yoast-seo-wordpress\/ -->\n<title>Formulaires communication \/ communication forms - iecd<\/title>\n<meta name=\"robots\" content=\"index, follow, max-snippet:-1, max-image-preview:large, max-video-preview:-1\" \/>\n<link rel=\"canonical\" href=\"https:\/\/www.iecd.org\/en\/outils_communication_communication_tools\/7167-2\/\" \/>\n<meta property=\"og:locale\" content=\"en_US\" \/>\n<meta property=\"og:type\" content=\"article\" \/>\n<meta property=\"og:title\" content=\"Formulaires communication \/ communication forms - iecd\" \/>\n<meta property=\"og:url\" content=\"https:\/\/www.iecd.org\/en\/outils_communication_communication_tools\/7167-2\/\" \/>\n<meta property=\"og:site_name\" content=\"iecd\" \/>\n<meta property=\"article:modified_time\" content=\"2018-02-26T13:23:33+00:00\" \/>\n<meta name=\"twitter:card\" content=\"summary_large_image\" \/>\n<meta name=\"twitter:label1\" content=\"Est. reading time\" \/>\n\t<meta name=\"twitter:data1\" content=\"6 minutes\" \/>\n<script type=\"application\/ld+json\" class=\"yoast-schema-graph\">{\"@context\":\"https:\\\/\\\/schema.org\",\"@graph\":[{\"@type\":\"WebPage\",\"@id\":\"https:\\\/\\\/www.iecd.org\\\/en\\\/outils_communication_communication_tools\\\/7167-2\\\/\",\"url\":\"https:\\\/\\\/www.iecd.org\\\/en\\\/outils_communication_communication_tools\\\/7167-2\\\/\",\"name\":\"Formulaires communication \\\/ communication forms - iecd\",\"isPartOf\":{\"@id\":\"https:\\\/\\\/www.iecd.org\\\/#website\"},\"datePublished\":\"2017-10-24T16:02:16+00:00\",\"dateModified\":\"2018-02-26T13:23:33+00:00\",\"breadcrumb\":{\"@id\":\"https:\\\/\\\/www.iecd.org\\\/en\\\/outils_communication_communication_tools\\\/7167-2\\\/#breadcrumb\"},\"inLanguage\":\"en-US\",\"potentialAction\":[{\"@type\":\"ReadAction\",\"target\":[\"https:\\\/\\\/www.iecd.org\\\/en\\\/outils_communication_communication_tools\\\/7167-2\\\/\"]}]},{\"@type\":\"BreadcrumbList\",\"@id\":\"https:\\\/\\\/www.iecd.org\\\/en\\\/outils_communication_communication_tools\\\/7167-2\\\/#breadcrumb\",\"itemListElement\":[{\"@type\":\"ListItem\",\"position\":1,\"name\":\"Accueil\",\"item\":\"https:\\\/\\\/www.iecd.org\\\/en\\\/accueil-fevrier-2022-b\\\/\"},{\"@type\":\"ListItem\",\"position\":2,\"name\":\"Vos outils de communication \\\/ your communication tools\",\"item\":\"https:\\\/\\\/www.iecd.org\\\/en\\\/outils_communication_communication_tools\\\/\"},{\"@type\":\"ListItem\",\"position\":3,\"name\":\"Formulaires communication \\\/ communication forms\"}]},{\"@type\":\"WebSite\",\"@id\":\"https:\\\/\\\/www.iecd.org\\\/#website\",\"url\":\"https:\\\/\\\/www.iecd.org\\\/\",\"name\":\"iecd\",\"description\":\"semeurs d&#039;avenir\",\"potentialAction\":[{\"@type\":\"SearchAction\",\"target\":{\"@type\":\"EntryPoint\",\"urlTemplate\":\"https:\\\/\\\/www.iecd.org\\\/?s={search_term_string}\"},\"query-input\":{\"@type\":\"PropertyValueSpecification\",\"valueRequired\":true,\"valueName\":\"search_term_string\"}}],\"inLanguage\":\"en-US\"}]}<\/script>\n<!-- \/ Yoast SEO plugin. -->","yoast_head_json":{"title":"Formulaires communication \/ communication forms - iecd","robots":{"index":"index","follow":"follow","max-snippet":"max-snippet:-1","max-image-preview":"max-image-preview:large","max-video-preview":"max-video-preview:-1"},"canonical":"https:\/\/www.iecd.org\/en\/outils_communication_communication_tools\/7167-2\/","og_locale":"en_US","og_type":"article","og_title":"Formulaires communication \/ communication forms - iecd","og_url":"https:\/\/www.iecd.org\/en\/outils_communication_communication_tools\/7167-2\/","og_site_name":"iecd","article_modified_time":"2018-02-26T13:23:33+00:00","twitter_card":"summary_large_image","twitter_misc":{"Est. reading time":"6 minutes"},"schema":{"@context":"https:\/\/schema.org","@graph":[{"@type":"WebPage","@id":"https:\/\/www.iecd.org\/en\/outils_communication_communication_tools\/7167-2\/","url":"https:\/\/www.iecd.org\/en\/outils_communication_communication_tools\/7167-2\/","name":"Formulaires communication \/ communication forms - iecd","isPartOf":{"@id":"https:\/\/www.iecd.org\/#website"},"datePublished":"2017-10-24T16:02:16+00:00","dateModified":"2018-02-26T13:23:33+00:00","breadcrumb":{"@id":"https:\/\/www.iecd.org\/en\/outils_communication_communication_tools\/7167-2\/#breadcrumb"},"inLanguage":"en-US","potentialAction":[{"@type":"ReadAction","target":["https:\/\/www.iecd.org\/en\/outils_communication_communication_tools\/7167-2\/"]}]},{"@type":"BreadcrumbList","@id":"https:\/\/www.iecd.org\/en\/outils_communication_communication_tools\/7167-2\/#breadcrumb","itemListElement":[{"@type":"ListItem","position":1,"name":"Accueil","item":"https:\/\/www.iecd.org\/en\/accueil-fevrier-2022-b\/"},{"@type":"ListItem","position":2,"name":"Vos outils de communication \/ your communication tools","item":"https:\/\/www.iecd.org\/en\/outils_communication_communication_tools\/"},{"@type":"ListItem","position":3,"name":"Formulaires communication \/ communication forms"}]},{"@type":"WebSite","@id":"https:\/\/www.iecd.org\/#website","url":"https:\/\/www.iecd.org\/","name":"iecd","description":"semeurs d&#039;avenir","potentialAction":[{"@type":"SearchAction","target":{"@type":"EntryPoint","urlTemplate":"https:\/\/www.iecd.org\/?s={search_term_string}"},"query-input":{"@type":"PropertyValueSpecification","valueRequired":true,"valueName":"search_term_string"}}],"inLanguage":"en-US"}]}},"_links":{"self":[{"href":"https:\/\/www.iecd.org\/en\/wp-json\/wp\/v2\/pages\/7607","targetHints":{"allow":["GET"]}}],"collection":[{"href":"https:\/\/www.iecd.org\/en\/wp-json\/wp\/v2\/pages"}],"about":[{"href":"https:\/\/www.iecd.org\/en\/wp-json\/wp\/v2\/types\/page"}],"author":[{"embeddable":true,"href":"https:\/\/www.iecd.org\/en\/wp-json\/wp\/v2\/users\/4"}],"replies":[{"embeddable":true,"href":"https:\/\/www.iecd.org\/en\/wp-json\/wp\/v2\/comments?post=7607"}],"version-history":[{"count":0,"href":"https:\/\/www.iecd.org\/en\/wp-json\/wp\/v2\/pages\/7607\/revisions"}],"up":[{"embeddable":true,"href":"https:\/\/www.iecd.org\/en\/wp-json\/wp\/v2\/pages\/7651"}],"wp:attachment":[{"href":"https:\/\/www.iecd.org\/en\/wp-json\/wp\/v2\/media?parent=7607"}],"curies":[{"name":"wp","href":"https:\/\/api.w.org\/{rel}","templated":true}]}}