{"id":3867,"date":"2016-11-08T11:31:27","date_gmt":"2016-11-08T10:31:27","guid":{"rendered":"http:\/\/www.iecd.org\/iecd\/en\/nous-connaitre\/videos\/videos-de-delegation-asie-sud\/"},"modified":"2016-11-08T11:31:27","modified_gmt":"2016-11-08T10:31:27","slug":"videos-de-delegation-asie-sud","status":"publish","type":"page","link":"https:\/\/www.iecd.org\/en\/nous-connaitre\/videos\/videos-de-delegation-asie-sud\/","title":{"rendered":"Les vid\u00e9os de notre d\u00e9l\u00e9gation en Asie du Sud-Est"},"content":{"rendered":"\n<style type=\"text\/css\" data-created_by=\"avia_inline_auto\" id=\"style-css-av-av_one_full-9497bbf8bff73ea4c6992cc17fa9ec36\">\n.flex_column.av-av_one_full-9497bbf8bff73ea4c6992cc17fa9ec36{\nborder-radius:0px 0px 0px 0px;\npadding:0px 0px 0px 0px;\n}\n<\/style>\n<div  class='flex_column av-av_one_full-9497bbf8bff73ea4c6992cc17fa9ec36 av_one_full  avia-builder-el-0  el_before_av_one_fourth  avia-builder-el-first  first flex_column_div av-zero-column-padding  '     ><p>\n<style type=\"text\/css\" data-created_by=\"avia_inline_auto\" id=\"style-css-av-av_hr-9c073f565b48770a13de150e8a17cf82\">\n#top .hr.av-av_hr-9c073f565b48770a13de150e8a17cf82{\nmargin-top:0px;\nmargin-bottom:0px;\n}\n.hr.av-av_hr-9c073f565b48770a13de150e8a17cf82 .hr-inner{\nwidth:0px;\n}\n<\/style>\n<div  class='hr av-av_hr-9c073f565b48770a13de150e8a17cf82 hr-custom  avia-builder-el-1  el_before_av_heading  avia-builder-el-first  hr-center hr-icon-no'><span class='hr-inner inner-border-av-border-thin'><span class=\"hr-inner-style\"><\/span><\/span><\/div><br \/>\n\n<style type=\"text\/css\" data-created_by=\"avia_inline_auto\" id=\"style-css-av-av_heading-4139d3a38947ecb8c79efdb39a9237c9\">\n#top .av-special-heading.av-av_heading-4139d3a38947ecb8c79efdb39a9237c9{\npadding-bottom:10px;\n}\nbody .av-special-heading.av-av_heading-4139d3a38947ecb8c79efdb39a9237c9 .av-special-heading-tag .heading-char{\nfont-size:25px;\n}\n.av-special-heading.av-av_heading-4139d3a38947ecb8c79efdb39a9237c9 .av-subheading{\nfont-size:15px;\n}\n<\/style>\n<div  class='av-special-heading av-av_heading-4139d3a38947ecb8c79efdb39a9237c9 av-special-heading-h3  avia-builder-el-2  el_after_av_hr  avia-builder-el-last '><h3 class='av-special-heading-tag '  itemprop=\"headline\"  >Vid\u00e9oth\u00e8que<\/h3><div class=\"special-heading-border\"><div class=\"special-heading-inner-border\"><\/div><\/div><\/div><\/p><\/div>\n\n<style type=\"text\/css\" data-created_by=\"avia_inline_auto\" id=\"style-css-av-av_one_fourth-9497bbf8bff73ea4c6992cc17fa9ec36\">\n.flex_column.av-av_one_fourth-9497bbf8bff73ea4c6992cc17fa9ec36{\nborder-radius:0px 0px 0px 0px;\npadding:0px 0px 0px 0px;\n}\n<\/style>\n<div  class='flex_column av-av_one_fourth-9497bbf8bff73ea4c6992cc17fa9ec36 av_one_fourth  avia-builder-el-3  el_after_av_one_full  el_before_av_one_fourth  first flex_column_div av-zero-column-padding  column-top-margin'     ><\/div>\n\n<style type=\"text\/css\" data-created_by=\"avia_inline_auto\" id=\"style-css-av-av_one_fourth-9c1d454dc06f7247226bc4e8f931daae\">\n.flex_column.av-av_one_fourth-9c1d454dc06f7247226bc4e8f931daae{\nborder-radius:0px 0px 0px 0px;\npadding:0px 0px 0px 0px;\n}\n<\/style>\n<div  class='flex_column av-av_one_fourth-9c1d454dc06f7247226bc4e8f931daae av_one_fourth  avia-builder-el-4  el_after_av_one_fourth  el_before_av_one_fourth  flex_column_div av-zero-column-padding  column-top-margin'     ><div  class='avia-button-wrap av-av_button-97c887a064ae0ba9ec0dbbdc4c780d54-wrap avia-button-center  avia-builder-el-5  avia-builder-el-no-sibling '><a href='http:\/\/www.iecd.org\/iecd\/en\/nous-connaitre\/videos\/'  class='avia-button av-av_button-97c887a064ae0ba9ec0dbbdc4c780d54 av-link-btn avia-icon_select-yes-left-icon avia-size-small avia-position-center avia-color-theme-color'   aria-label=\"Voir les vid\u00e9os en anglais\"><span class='avia_button_icon avia_button_icon_left avia-iconfont avia-font-entypo-fontello' data-av_icon='\ue80d' data-av_iconfont='entypo-fontello' ><\/span><span class='avia_iconbox_title' >Voir les vid\u00e9os en anglais<\/span><\/a><\/div><\/div>\n<style type=\"text\/css\" data-created_by=\"avia_inline_auto\" id=\"style-css-av-av_one_fourth-9c1d454dc06f7247226bc4e8f931daae\">\n.flex_column.av-av_one_fourth-9c1d454dc06f7247226bc4e8f931daae{\nborder-radius:0px 0px 0px 0px;\npadding:0px 0px 0px 0px;\n}\n<\/style>\n<div  class='flex_column av-av_one_fourth-9c1d454dc06f7247226bc4e8f931daae av_one_fourth  avia-builder-el-6  el_after_av_one_fourth  el_before_av_one_fourth  flex_column_div av-zero-column-padding  column-top-margin'     ><div  class='avia-button-wrap av-av_button-d621f9fed670d8cd7da8010211f9aaaa-wrap avia-button-center  avia-builder-el-7  avia-builder-el-no-sibling '><a href='http:\/\/www.iecd.org\/iecd\/nous-connaitre\/videos\/'  class='avia-button av-av_button-d621f9fed670d8cd7da8010211f9aaaa av-link-btn avia-icon_select-yes-left-icon avia-size-small avia-position-center avia-color-theme-color'  target=\"_blank\"  rel=\"noopener noreferrer\"  aria-label=\"Revenir aux vid\u00e9os en fran\u00e7ais\"><span class='avia_button_icon avia_button_icon_left avia-iconfont avia-font-entypo-fontello' data-av_icon='\ue80d' data-av_iconfont='entypo-fontello' ><\/span><span class='avia_iconbox_title' >Revenir aux vid\u00e9os en fran\u00e7ais<\/span><\/a><\/div><\/div><\/p>\n\n<style type=\"text\/css\" data-created_by=\"avia_inline_auto\" id=\"style-css-av-av_one_fourth-9c1d454dc06f7247226bc4e8f931daae\">\n.flex_column.av-av_one_fourth-9c1d454dc06f7247226bc4e8f931daae{\nborder-radius:0px 0px 0px 0px;\npadding:0px 0px 0px 0px;\n}\n<\/style>\n<div  class='flex_column av-av_one_fourth-9c1d454dc06f7247226bc4e8f931daae av_one_fourth  avia-builder-el-8  el_after_av_one_fourth  el_before_av_one_third  flex_column_div av-zero-column-padding  column-top-margin'     ><\/div>\n\n<style type=\"text\/css\" data-created_by=\"avia_inline_auto\" id=\"style-css-av-av_one_third-2227b0c134322b761bc12eebaaa940a4\">\n.flex_column.av-av_one_third-2227b0c134322b761bc12eebaaa940a4{\nborder-radius:0px 0px 0px 0px;\npadding:0px 0px 0px 0px;\nbackground-color:#ffffff;\n}\n<\/style>\n<div  class='flex_column av-av_one_third-2227b0c134322b761bc12eebaaa940a4 av_one_third  avia-builder-el-9  el_after_av_one_fourth  el_before_av_one_third  first flex_column_div av-zero-column-padding  column-top-margin'     ><p><div  class='avia-video av-av_video-a2bac38f62217f04faaf18a8eebe1cb8 avia-video-16-9 av-no-preview-image avia-video-load-always av-lazyload-immediate av-lazyload-video-embed'  itemprop=\"video\" itemtype=\"https:\/\/schema.org\/VideoObject\"  data-original_url='https:\/\/www.youtube.com\/watch?v=fYHl4F1mBeY&amp;list=UUiYKXwdMwznLLTdhHEbPD3w&amp;index=17'><script type='text\/html' class='av-video-tmpl'><div class='avia-iframe-wrap'><iframe loading=\"lazy\" width=\"1333\" height=\"1000\" src=\"https:\/\/www.youtube.com\/embed\/videoseries?list=UUiYKXwdMwznLLTdhHEbPD3w&autoplay=0&loop=0&controls=1&mute=0\" frameborder=\"0\" allowfullscreen><\/iframe><\/div><\/script><div class='av-click-to-play-overlay'><div class=\"avia_playpause_icon\"><\/div><\/div><\/div><br \/>\n<section  class='av_textblock_section av-av_textblock-0366cc7376be6c9e82a3e9cc8987b64f '   itemscope=\"itemscope\" itemtype=\"https:\/\/schema.org\/CreativeWork\" ><div class='avia_textblock'  itemprop=\"text\" ><h3 class=\"watch-title-container\"><span id=\"eow-title\" class=\"watch-title\" dir=\"ltr\" title=\"D\u1ef1 \u00e1n IEDC tr\u00ean s\u00f3ng HTV9\">D\u1ef1 \u00e1n IEDC tr\u00ean s\u00f3ng HTV9 <\/span><\/h3>\n<p><strong>2014<br \/>\n<\/strong><\/p>\n<p style=\"text-align: justify;\"><em>Reportage HTV9<br \/>\n<\/em><\/p>\n<p style=\"text-align: justify;\">T\u1eeb th\u00e1ng 1\/2013 \u0111\u1ebfn nay, d\u1ef1 \u00e1n \u0111\u00e0o t\u1ea1o v\u00e0 h\u1ed7 tr\u1ee3 cho \u0111\u1ed1i t\u01b0\u1ee3ng kinh doanh nh\u1ecf v\u00e0 si\u00eau nh\u1ecf, m\u1ed9t d\u1ef1 \u00e1n ph\u00e1t tri\u1ec3n thu\u1ed9c Vi\u1ec7n H\u1ee3p t\u00e1c &amp; Ph\u00e1t tri\u1ec3n Ch\u00e2u \u00c2u IECD c\u1ee7a Ph\u00e1p, th\u1ef1c hi\u1ec7n tr\u00ean \u0111\u1ecba b\u00e0n TP. HCM, \u0111\u00e3 mang l\u1ea1i nhi\u1ec1u thay \u0111\u1ed5i t\u00edch c\u1ef1c cho ng\u01b0\u1eddi d\u00e2n. Ng\u00e0y 18\/6\/2014, v\u1edbi s\u1ef1 h\u1ed7 tr\u1ee3 c\u1ee7a Trung t\u00e2m Ph\u00e1t tri\u1ec3n X\u00e3 h\u1ed9i (SDTC) thu\u1ed9c tr\u01b0\u1eddng \u0110H T\u00f4n \u0110\u1ee9c Th\u1eafng v\u00e0 Li\u00ean \u0110o\u00e0n Lao \u0110\u1ed9ng Qu\u1eadn 6, s\u1ef1 ki\u1ec7n l\u1ec5 ra m\u1eaft ch\u00ednh th\u1ee9c d\u1ef1 \u00e1n t\u1ea1i Vi\u1ec7t Nam \u0111\u00e3 di\u1ec5n ra, \u0111\u00e1nh d\u1ea5u b\u01b0\u1edbc ngo\u1eb7t m\u1edbi \u0111\u01b0a d\u1ef1 \u00e1n b\u01b0\u1edbc qua giai \u0111o\u1ea1n hai, nh\u1eb1m ho\u00e0n thi\u1ec7n c\u00e1c ch\u01b0\u01a1ng tr\u00ecnh \u0111\u00e0o t\u1ea1o v\u00e0 ho\u1ea1t \u0111\u1ed9ng h\u1ed7 tr\u1ee3.<\/p>\n<\/div><\/section><\/p><\/div>\n\n<style type=\"text\/css\" data-created_by=\"avia_inline_auto\" id=\"style-css-av-av_one_third-09840f72f08762172f6c966f329519ee\">\n.flex_column.av-av_one_third-09840f72f08762172f6c966f329519ee{\nborder-radius:0px 0px 0px 0px;\npadding:0px 0px 0px 0px;\nbackground-color:#ffffff;\n}\n<\/style>\n<div  class='flex_column av-av_one_third-09840f72f08762172f6c966f329519ee av_one_third  avia-builder-el-12  el_after_av_one_third  el_before_av_one_third  flex_column_div av-zero-column-padding  column-top-margin'     ><p><div  class='avia-video av-av_video-2d316c531f153589ab326b21e50b208d avia-video-16-9 av-no-preview-image avia-video-load-always av-lazyload-immediate av-lazyload-video-embed'  itemprop=\"video\" itemtype=\"https:\/\/schema.org\/VideoObject\"  data-original_url='https:\/\/www.youtube.com\/watch?v=ydCxvUja3gQ&amp;list=UUiYKXwdMwznLLTdhHEbPD3w&amp;index=16'><script type='text\/html' class='av-video-tmpl'><div class='avia-iframe-wrap'><iframe loading=\"lazy\" width=\"1500\" height=\"844\" src=\"https:\/\/www.youtube.com\/embed\/videoseries?list=UUiYKXwdMwznLLTdhHEbPD3w&autoplay=0&loop=0&controls=1&mute=0\" frameborder=\"0\" allowfullscreen><\/iframe><\/div><\/script><div class='av-click-to-play-overlay'><div class=\"avia_playpause_icon\"><\/div><\/div><\/div><br \/>\n<section  class='av_textblock_section av-av_textblock-0366cc7376be6c9e82a3e9cc8987b64f '   itemscope=\"itemscope\" itemtype=\"https:\/\/schema.org\/CreativeWork\" ><div class='avia_textblock'  itemprop=\"text\" ><h3 class=\"watch-title-container\"><span id=\"eow-title\" class=\"watch-title\" dir=\"ltr\" title=\"Chia s\u1ebb c\u1ee7a h\u1ecdc vi\u00ean v\u00e0 t\u1eadp hu\u1ea5n vi\u00ean IECD\">Chia s\u1ebb c\u1ee7a h\u1ecdc vi\u00ean v\u00e0 t\u1eadp hu\u1ea5n vi\u00ean IECD<\/span><\/h3>\n<p><strong>Juillet 2014<br \/>\n<\/strong><\/p>\n<\/div><\/section><\/p><\/div>\n\n<style type=\"text\/css\" data-created_by=\"avia_inline_auto\" id=\"style-css-av-av_one_third-09840f72f08762172f6c966f329519ee\">\n.flex_column.av-av_one_third-09840f72f08762172f6c966f329519ee{\nborder-radius:0px 0px 0px 0px;\npadding:0px 0px 0px 0px;\nbackground-color:#ffffff;\n}\n<\/style>\n<div  class='flex_column av-av_one_third-09840f72f08762172f6c966f329519ee av_one_third  avia-builder-el-15  el_after_av_one_third  avia-builder-el-last  flex_column_div av-zero-column-padding  column-top-margin'     ><p><div  class='avia-video av-av_video-78b805309f6729f358d86259d8fb0491 avia-video-16-9 av-no-preview-image avia-video-load-always av-lazyload-immediate av-lazyload-video-embed'  itemprop=\"video\" itemtype=\"https:\/\/schema.org\/VideoObject\"  data-original_url='https:\/\/www.youtube.com\/watch?v=DTHt1ONsrN8&amp;list=UUiYKXwdMwznLLTdhHEbPD3w&amp;index=15'><script type='text\/html' class='av-video-tmpl'><div class='avia-iframe-wrap'><iframe loading=\"lazy\" width=\"1500\" height=\"844\" src=\"https:\/\/www.youtube.com\/embed\/videoseries?list=UUiYKXwdMwznLLTdhHEbPD3w&autoplay=0&loop=0&controls=1&mute=0\" frameborder=\"0\" allowfullscreen><\/iframe><\/div><\/script><div class='av-click-to-play-overlay'><div class=\"avia_playpause_icon\"><\/div><\/div><\/div><br \/>\n<section  class='av_textblock_section av-av_textblock-0366cc7376be6c9e82a3e9cc8987b64f '   itemscope=\"itemscope\" itemtype=\"https:\/\/schema.org\/CreativeWork\" ><div class='avia_textblock'  itemprop=\"text\" ><h3 class=\"watch-title-container\"><span id=\"eow-title\" class=\"watch-title\" dir=\"ltr\" title=\"Chia s\u1ebb c\u1ee7a h\u1ecdc vi\u00ean v\u00e0 t\u1eadp hu\u1ea5n vi\u00ean IECD\">Chia s\u1ebb c\u1ee7a h\u1ecdc vi\u00ean v\u00e0 t\u1eadp hu\u1ea5n vi\u00ean IECD<\/span><\/h3>\n<p><strong>Juillet 2014<br \/>\n<\/strong><\/p>\n<\/div><\/section><\/p><\/div>\n","protected":false},"excerpt":{"rendered":"","protected":false},"author":4,"featured_media":0,"parent":1880,"menu_order":0,"comment_status":"closed","ping_status":"closed","template":"","meta":{"footnotes":""},"class_list":["post-3867","page","type-page","status-publish","hentry"],"yoast_head":"<!-- This site is optimized with the Yoast SEO plugin v27.5 - https:\/\/yoast.com\/product\/yoast-seo-wordpress\/ -->\n<title>Les vid\u00e9os de notre d\u00e9l\u00e9gation en Asie du Sud-Est - iecd<\/title>\n<meta name=\"robots\" content=\"index, follow, max-snippet:-1, max-image-preview:large, max-video-preview:-1\" \/>\n<link rel=\"canonical\" href=\"https:\/\/www.iecd.org\/en\/nous-connaitre\/videos\/videos-de-delegation-asie-sud\/\" \/>\n<meta property=\"og:locale\" content=\"en_US\" \/>\n<meta property=\"og:type\" content=\"article\" \/>\n<meta property=\"og:title\" content=\"Les vid\u00e9os de notre d\u00e9l\u00e9gation en Asie du Sud-Est - iecd\" \/>\n<meta property=\"og:url\" content=\"https:\/\/www.iecd.org\/en\/nous-connaitre\/videos\/videos-de-delegation-asie-sud\/\" \/>\n<meta property=\"og:site_name\" content=\"iecd\" \/>\n<meta name=\"twitter:card\" content=\"summary_large_image\" \/>\n<meta name=\"twitter:label1\" content=\"Est. reading time\" \/>\n\t<meta name=\"twitter:data1\" content=\"5 minutes\" \/>\n<script type=\"application\/ld+json\" class=\"yoast-schema-graph\">{\"@context\":\"https:\\\/\\\/schema.org\",\"@graph\":[{\"@type\":\"WebPage\",\"@id\":\"https:\\\/\\\/www.iecd.org\\\/en\\\/nous-connaitre\\\/videos\\\/videos-de-delegation-asie-sud\\\/\",\"url\":\"https:\\\/\\\/www.iecd.org\\\/en\\\/nous-connaitre\\\/videos\\\/videos-de-delegation-asie-sud\\\/\",\"name\":\"Les vid\u00e9os de notre d\u00e9l\u00e9gation en Asie du Sud-Est - iecd\",\"isPartOf\":{\"@id\":\"https:\\\/\\\/www.iecd.org\\\/#website\"},\"datePublished\":\"2016-11-08T10:31:27+00:00\",\"breadcrumb\":{\"@id\":\"https:\\\/\\\/www.iecd.org\\\/en\\\/nous-connaitre\\\/videos\\\/videos-de-delegation-asie-sud\\\/#breadcrumb\"},\"inLanguage\":\"en-US\",\"potentialAction\":[{\"@type\":\"ReadAction\",\"target\":[\"https:\\\/\\\/www.iecd.org\\\/en\\\/nous-connaitre\\\/videos\\\/videos-de-delegation-asie-sud\\\/\"]}]},{\"@type\":\"BreadcrumbList\",\"@id\":\"https:\\\/\\\/www.iecd.org\\\/en\\\/nous-connaitre\\\/videos\\\/videos-de-delegation-asie-sud\\\/#breadcrumb\",\"itemListElement\":[{\"@type\":\"ListItem\",\"position\":1,\"name\":\"Accueil\",\"item\":\"https:\\\/\\\/www.iecd.org\\\/en\\\/accueil-fevrier-2022-b\\\/\"},{\"@type\":\"ListItem\",\"position\":2,\"name\":\"Who we are\",\"item\":\"https:\\\/\\\/www.iecd.org\\\/en\\\/nous-connaitre\\\/\"},{\"@type\":\"ListItem\",\"position\":3,\"name\":\"Private: Video library\",\"item\":\"https:\\\/\\\/www.iecd.org\\\/en\\\/?page_id=1880\"},{\"@type\":\"ListItem\",\"position\":4,\"name\":\"Les vid\u00e9os de notre d\u00e9l\u00e9gation en Asie du Sud-Est\"}]},{\"@type\":\"WebSite\",\"@id\":\"https:\\\/\\\/www.iecd.org\\\/#website\",\"url\":\"https:\\\/\\\/www.iecd.org\\\/\",\"name\":\"iecd\",\"description\":\"semeurs d&#039;avenir\",\"potentialAction\":[{\"@type\":\"SearchAction\",\"target\":{\"@type\":\"EntryPoint\",\"urlTemplate\":\"https:\\\/\\\/www.iecd.org\\\/?s={search_term_string}\"},\"query-input\":{\"@type\":\"PropertyValueSpecification\",\"valueRequired\":true,\"valueName\":\"search_term_string\"}}],\"inLanguage\":\"en-US\"}]}<\/script>\n<!-- \/ Yoast SEO plugin. -->","yoast_head_json":{"title":"Les vid\u00e9os de notre d\u00e9l\u00e9gation en Asie du Sud-Est - iecd","robots":{"index":"index","follow":"follow","max-snippet":"max-snippet:-1","max-image-preview":"max-image-preview:large","max-video-preview":"max-video-preview:-1"},"canonical":"https:\/\/www.iecd.org\/en\/nous-connaitre\/videos\/videos-de-delegation-asie-sud\/","og_locale":"en_US","og_type":"article","og_title":"Les vid\u00e9os de notre d\u00e9l\u00e9gation en Asie du Sud-Est - iecd","og_url":"https:\/\/www.iecd.org\/en\/nous-connaitre\/videos\/videos-de-delegation-asie-sud\/","og_site_name":"iecd","twitter_card":"summary_large_image","twitter_misc":{"Est. reading time":"5 minutes"},"schema":{"@context":"https:\/\/schema.org","@graph":[{"@type":"WebPage","@id":"https:\/\/www.iecd.org\/en\/nous-connaitre\/videos\/videos-de-delegation-asie-sud\/","url":"https:\/\/www.iecd.org\/en\/nous-connaitre\/videos\/videos-de-delegation-asie-sud\/","name":"Les vid\u00e9os de notre d\u00e9l\u00e9gation en Asie du Sud-Est - iecd","isPartOf":{"@id":"https:\/\/www.iecd.org\/#website"},"datePublished":"2016-11-08T10:31:27+00:00","breadcrumb":{"@id":"https:\/\/www.iecd.org\/en\/nous-connaitre\/videos\/videos-de-delegation-asie-sud\/#breadcrumb"},"inLanguage":"en-US","potentialAction":[{"@type":"ReadAction","target":["https:\/\/www.iecd.org\/en\/nous-connaitre\/videos\/videos-de-delegation-asie-sud\/"]}]},{"@type":"BreadcrumbList","@id":"https:\/\/www.iecd.org\/en\/nous-connaitre\/videos\/videos-de-delegation-asie-sud\/#breadcrumb","itemListElement":[{"@type":"ListItem","position":1,"name":"Accueil","item":"https:\/\/www.iecd.org\/en\/accueil-fevrier-2022-b\/"},{"@type":"ListItem","position":2,"name":"Who we are","item":"https:\/\/www.iecd.org\/en\/nous-connaitre\/"},{"@type":"ListItem","position":3,"name":"Private: Video library","item":"https:\/\/www.iecd.org\/en\/?page_id=1880"},{"@type":"ListItem","position":4,"name":"Les vid\u00e9os de notre d\u00e9l\u00e9gation en Asie du Sud-Est"}]},{"@type":"WebSite","@id":"https:\/\/www.iecd.org\/#website","url":"https:\/\/www.iecd.org\/","name":"iecd","description":"semeurs d&#039;avenir","potentialAction":[{"@type":"SearchAction","target":{"@type":"EntryPoint","urlTemplate":"https:\/\/www.iecd.org\/?s={search_term_string}"},"query-input":{"@type":"PropertyValueSpecification","valueRequired":true,"valueName":"search_term_string"}}],"inLanguage":"en-US"}]}},"_links":{"self":[{"href":"https:\/\/www.iecd.org\/en\/wp-json\/wp\/v2\/pages\/3867","targetHints":{"allow":["GET"]}}],"collection":[{"href":"https:\/\/www.iecd.org\/en\/wp-json\/wp\/v2\/pages"}],"about":[{"href":"https:\/\/www.iecd.org\/en\/wp-json\/wp\/v2\/types\/page"}],"author":[{"embeddable":true,"href":"https:\/\/www.iecd.org\/en\/wp-json\/wp\/v2\/users\/4"}],"replies":[{"embeddable":true,"href":"https:\/\/www.iecd.org\/en\/wp-json\/wp\/v2\/comments?post=3867"}],"version-history":[{"count":0,"href":"https:\/\/www.iecd.org\/en\/wp-json\/wp\/v2\/pages\/3867\/revisions"}],"up":[{"embeddable":true,"href":"https:\/\/www.iecd.org\/en\/wp-json\/wp\/v2\/pages\/1880"}],"wp:attachment":[{"href":"https:\/\/www.iecd.org\/en\/wp-json\/wp\/v2\/media?parent=3867"}],"curies":[{"name":"wp","href":"https:\/\/api.w.org\/{rel}","templated":true}]}}