{"id":3857,"date":"2016-01-28T15:30:04","date_gmt":"2016-01-28T14:30:04","guid":{"rendered":"http:\/\/www.iecd.org\/iecd\/en\/dates-cles\/"},"modified":"2018-10-16T15:08:27","modified_gmt":"2018-10-16T14:08:27","slug":"key-figures","status":"publish","type":"page","link":"https:\/\/www.iecd.org\/en\/nous-connaitre\/about-the-iecd\/key-figures\/","title":{"rendered":"Key figures"},"content":{"rendered":"<div id='full_slider_1'  class='avia-fullwidth-slider main_color avia-shadow   avia-builder-el-0  el_before_av_hr  avia-builder-el-first   container_wrap fullsize'  ><div  class='avia-slideshow av-av_slideshow_full-4f3ef5c0d0c5e5a45e27d5f99336c2be avia-slideshow-featured av_slideshow_full avia-slide-slider av-slideshow-ui av-control-default av-slideshow-manual av-loop-once av-loop-manual-endless av-default-height-applied   avia-slideshow-1' data-slideshow-options=\"{&quot;animation&quot;:&quot;slide&quot;,&quot;autoplay&quot;:false,&quot;loop_autoplay&quot;:&quot;once&quot;,&quot;interval&quot;:5,&quot;loop_manual&quot;:&quot;manual-endless&quot;,&quot;autoplay_stopper&quot;:false,&quot;noNavigation&quot;:false,&quot;bg_slider&quot;:false,&quot;keep_padding&quot;:false,&quot;hoverpause&quot;:false,&quot;show_slide_delay&quot;:0}\"  itemprop=\"image\" itemscope=\"itemscope\" itemtype=\"https:\/\/schema.org\/ImageObject\" ><ul class='avia-slideshow-inner ' style='padding-bottom: 28.666666666667%;'><li  class='avia-slideshow-slide av-av_slideshow_full-4f3ef5c0d0c5e5a45e27d5f99336c2be__0  av-single-slide slide-1 slide-odd'><div data-rel='slideshow-1' class='avia-slide-wrap '   ><div class='av-slideshow-caption av-av_slideshow_full-4f3ef5c0d0c5e5a45e27d5f99336c2be__0 caption_fullwidth caption_right caption_right_framed caption_framed'><div class=\"container caption_container\"><div class=\"slideshow_caption\"><div class=\"slideshow_inner_caption\"><div class=\"slideshow_align_caption\"><h2 class='avia-caption-title '  itemprop=\"name\" >\u00catre entrepreneurs en d\u00e9veloppement humain et \u00e9conomique<\/h2><div class='avia-caption-content '  itemprop=\"description\" ><p>L&#8217;IECD forme les acteurs responables de demain.<\/p>\n<\/div><\/div><\/div><\/div><\/div><\/div><img decoding=\"async\" fetchpriority=\"high\" class=\"wp-image-3949 avia-img-lazy-loading-not-3949\"  src=\"https:\/\/www.iecd.org\/iecd2\/wp-content\/uploads\/2016\/01\/QU5A0623-1500x430.jpg\" width=\"1500\" height=\"430\" title='QU5A0623' alt=''  itemprop=\"thumbnailUrl\"   \/><\/div><\/li><\/ul><\/div><\/div><div id='after_full_slider_1'  class='main_color av_default_container_wrap container_wrap fullsize'  ><div class='container av-section-cont-open' ><div class='template-page content  av-content-full alpha units'><div class='post-entry post-entry-type-page post-entry-3857'><div class='entry-content-wrapper clearfix'>\n\n<style type=\"text\/css\" data-created_by=\"avia_inline_auto\" id=\"style-css-av-jnbsqj1y-8ade5869edd599323d91826350930c8b\">\n#top .hr.hr-invisible.av-jnbsqj1y-8ade5869edd599323d91826350930c8b{\nheight:50px;\n}\n<\/style>\n<div  class='hr av-jnbsqj1y-8ade5869edd599323d91826350930c8b hr-invisible  avia-builder-el-1  el_after_av_slideshow_full  el_before_av_heading  avia-builder-el-first '><span class='hr-inner '><span class=\"hr-inner-style\"><\/span><\/span><\/div>\n\n<style type=\"text\/css\" data-created_by=\"avia_inline_auto\" id=\"style-css-av-av_heading-b3a650984b65cb0e4d64b444dd52ea14\">\n#top .av-special-heading.av-av_heading-b3a650984b65cb0e4d64b444dd52ea14{\npadding-bottom:0;\nfont-size:30px;\n}\nbody .av-special-heading.av-av_heading-b3a650984b65cb0e4d64b444dd52ea14 .av-special-heading-tag .heading-char{\nfont-size:25px;\n}\n#top #wrap_all .av-special-heading.av-av_heading-b3a650984b65cb0e4d64b444dd52ea14 .av-special-heading-tag{\nfont-size:30px;\n}\n.av-special-heading.av-av_heading-b3a650984b65cb0e4d64b444dd52ea14 .av-subheading{\nfont-size:15px;\n}\n\n@media only screen and (min-width: 480px) and (max-width: 767px){ \n#top #wrap_all .av-special-heading.av-av_heading-b3a650984b65cb0e4d64b444dd52ea14 .av-special-heading-tag{\nfont-size:0.8em;\n}\n}\n\n@media only screen and (max-width: 479px){ \n#top #wrap_all .av-special-heading.av-av_heading-b3a650984b65cb0e4d64b444dd52ea14 .av-special-heading-tag{\nfont-size:0.8em;\n}\n}\n<\/style>\n<div  class='av-special-heading av-av_heading-b3a650984b65cb0e4d64b444dd52ea14 av-special-heading-h3 blockquote modern-quote  avia-builder-el-2  el_after_av_hr  el_before_av_hr  av-inherit-size'><h3 class='av-special-heading-tag '  itemprop=\"headline\"  >Key figures<\/h3><div class=\"special-heading-border\"><div class=\"special-heading-inner-border\"><\/div><\/div><\/div>\n<div  class='hr av-av_hr-23b3846cdd0fbd0e234720a594f6db24 hr-default  avia-builder-el-3  el_after_av_heading  el_before_av_slideshow '><span class='hr-inner '><span class=\"hr-inner-style\"><\/span><\/span><\/div>\n<div  class='avia-slideshow av-jnbst9gs-bdb89163f31e0ef8c90d53e43437b661 avia-slideshow-extra_large av_slideshow avia-slide-slider  avia-builder-el-4  el_after_av_hr  el_before_av_hr  av-slideshow-ui av-control-default av-slideshow-manual av-loop-once av-loop-manual-endless av-default-height-applied avia-slideshow-2' data-slideshow-options=\"{&quot;animation&quot;:&quot;slide&quot;,&quot;autoplay&quot;:false,&quot;loop_autoplay&quot;:&quot;once&quot;,&quot;interval&quot;:8,&quot;loop_manual&quot;:&quot;manual-endless&quot;,&quot;autoplay_stopper&quot;:false,&quot;noNavigation&quot;:false,&quot;bg_slider&quot;:false,&quot;keep_padding&quot;:false,&quot;hoverpause&quot;:false,&quot;show_slide_delay&quot;:0}\"  itemprop=\"image\" itemscope=\"itemscope\" itemtype=\"https:\/\/schema.org\/ImageObject\" ><ul class='avia-slideshow-inner ' style='padding-bottom: 56.3%;'><li  class='avia-slideshow-slide av-jnbst9gs-bdb89163f31e0ef8c90d53e43437b661__0  slide-1 slide-odd'><div data-rel='slideshow-2' class='avia-slide-wrap '   ><img decoding=\"async\" fetchpriority=\"high\" class=\"wp-image-13113 avia-img-lazy-loading-not-13113\"  src=\"https:\/\/www.iecd.org\/iecd2\/wp-content\/uploads\/2018\/10\/diapositive1-e1610460832166.jpg\" width=\"1000\" height=\"563\" title='Diapositive1' alt=''  itemprop=\"thumbnailUrl\" srcset=\"https:\/\/www.iecd.org\/iecd2\/wp-content\/uploads\/2018\/10\/diapositive1-e1610460832166.jpg 1000w, https:\/\/www.iecd.org\/iecd2\/wp-content\/uploads\/2018\/10\/diapositive1-e1610460832166-600x338.jpg 600w, https:\/\/www.iecd.org\/iecd2\/wp-content\/uploads\/2018\/10\/diapositive1-e1610460832166-768x432.jpg 768w, https:\/\/www.iecd.org\/iecd2\/wp-content\/uploads\/2018\/10\/diapositive1-e1610460832166-705x397.jpg 705w\" sizes=\"(max-width: 1000px) 100vw, 1000px\" \/><\/div><\/li><li  class='avia-slideshow-slide av-jnbst9gs-bdb89163f31e0ef8c90d53e43437b661__1  slide-2 slide-even'><div data-rel='slideshow-2' class='avia-slide-wrap '   ><img decoding=\"async\" fetchpriority=\"high\" class=\"wp-image-13114 avia-img-lazy-loading-not-13114\"  src=\"https:\/\/www.iecd.org\/iecd2\/wp-content\/uploads\/2018\/10\/diapositive2-e1610460818442.jpg\" width=\"1000\" height=\"563\" title='Diapositive2' alt=''  itemprop=\"thumbnailUrl\" srcset=\"https:\/\/www.iecd.org\/iecd2\/wp-content\/uploads\/2018\/10\/diapositive2-e1610460818442.jpg 1000w, https:\/\/www.iecd.org\/iecd2\/wp-content\/uploads\/2018\/10\/diapositive2-e1610460818442-600x338.jpg 600w, https:\/\/www.iecd.org\/iecd2\/wp-content\/uploads\/2018\/10\/diapositive2-e1610460818442-768x432.jpg 768w, https:\/\/www.iecd.org\/iecd2\/wp-content\/uploads\/2018\/10\/diapositive2-e1610460818442-705x397.jpg 705w\" sizes=\"(max-width: 1000px) 100vw, 1000px\" \/><\/div><\/li><li  class='avia-slideshow-slide av-jnbst9gs-bdb89163f31e0ef8c90d53e43437b661__2  slide-3 slide-odd'><div data-rel='slideshow-2' class='avia-slide-wrap '   ><img decoding=\"async\" fetchpriority=\"high\" class=\"wp-image-13115 avia-img-lazy-loading-not-13115\"  src=\"https:\/\/www.iecd.org\/iecd2\/wp-content\/uploads\/2018\/10\/diapositive3-e1610460805431.jpg\" width=\"1000\" height=\"563\" title='Diapositive3' alt=''  itemprop=\"thumbnailUrl\" srcset=\"https:\/\/www.iecd.org\/iecd2\/wp-content\/uploads\/2018\/10\/diapositive3-e1610460805431.jpg 1000w, https:\/\/www.iecd.org\/iecd2\/wp-content\/uploads\/2018\/10\/diapositive3-e1610460805431-600x338.jpg 600w, https:\/\/www.iecd.org\/iecd2\/wp-content\/uploads\/2018\/10\/diapositive3-e1610460805431-768x432.jpg 768w, https:\/\/www.iecd.org\/iecd2\/wp-content\/uploads\/2018\/10\/diapositive3-e1610460805431-705x397.jpg 705w\" sizes=\"(max-width: 1000px) 100vw, 1000px\" \/><\/div><\/li><li  class='avia-slideshow-slide av-jnbst9gs-bdb89163f31e0ef8c90d53e43437b661__3  slide-4 slide-even'><div data-rel='slideshow-2' class='avia-slide-wrap '   ><img decoding=\"async\" fetchpriority=\"high\" class=\"wp-image-13116 avia-img-lazy-loading-not-13116\"  src=\"https:\/\/www.iecd.org\/iecd2\/wp-content\/uploads\/2018\/10\/diapositive4-e1610460792443.jpg\" width=\"1000\" height=\"563\" title='Diapositive4' alt=''  itemprop=\"thumbnailUrl\" srcset=\"https:\/\/www.iecd.org\/iecd2\/wp-content\/uploads\/2018\/10\/diapositive4-e1610460792443.jpg 1000w, https:\/\/www.iecd.org\/iecd2\/wp-content\/uploads\/2018\/10\/diapositive4-e1610460792443-600x338.jpg 600w, https:\/\/www.iecd.org\/iecd2\/wp-content\/uploads\/2018\/10\/diapositive4-e1610460792443-768x432.jpg 768w, https:\/\/www.iecd.org\/iecd2\/wp-content\/uploads\/2018\/10\/diapositive4-e1610460792443-705x397.jpg 705w\" sizes=\"(max-width: 1000px) 100vw, 1000px\" \/><\/div><\/li><li  class='avia-slideshow-slide av-jnbst9gs-bdb89163f31e0ef8c90d53e43437b661__4  slide-5 slide-odd'><div data-rel='slideshow-2' class='avia-slide-wrap '   ><img decoding=\"async\" fetchpriority=\"high\" class=\"wp-image-13117 avia-img-lazy-loading-not-13117\"  src=\"https:\/\/www.iecd.org\/iecd2\/wp-content\/uploads\/2018\/10\/diapositive5-e1610460747162.jpg\" width=\"1000\" height=\"563\" title='Diapositive5' alt=''  itemprop=\"thumbnailUrl\" srcset=\"https:\/\/www.iecd.org\/iecd2\/wp-content\/uploads\/2018\/10\/diapositive5-e1610460747162.jpg 1000w, https:\/\/www.iecd.org\/iecd2\/wp-content\/uploads\/2018\/10\/diapositive5-e1610460747162-600x338.jpg 600w, https:\/\/www.iecd.org\/iecd2\/wp-content\/uploads\/2018\/10\/diapositive5-e1610460747162-768x432.jpg 768w, https:\/\/www.iecd.org\/iecd2\/wp-content\/uploads\/2018\/10\/diapositive5-e1610460747162-705x397.jpg 705w\" sizes=\"(max-width: 1000px) 100vw, 1000px\" \/><\/div><\/li><\/ul><div class='avia-slideshow-arrows avia-slideshow-controls' ><a href='#prev' class='prev-slide  avia-svg-icon avia-font-svg_entypo-fontello' data-av_svg_icon='left-open-big' data-av_iconset='svg_entypo-fontello' tabindex='-1' title=\"Previous\"><svg version=\"1.1\" xmlns=\"http:\/\/www.w3.org\/2000\/svg\" width=\"15\" height=\"32\" viewBox=\"0 0 15 32\" preserveAspectRatio=\"xMidYMid meet\" aria-labelledby='av-svg-title-1' aria-describedby='av-svg-desc-1' role=\"graphics-symbol\" aria-hidden=\"true\">\n<title id='av-svg-title-1'>Previous<\/title>\n<desc id='av-svg-desc-1'>Previous<\/desc>\n<path d=\"M14.464 27.84q0.832 0.832 0 1.536-0.832 0.832-1.536 0l-12.544-12.608q-0.768-0.768 0-1.6l12.544-12.608q0.704-0.832 1.536 0 0.832 0.704 0 1.536l-11.456 11.904z\"><\/path>\n<\/svg><span class='avia_hidden_link_text'>Previous<\/span><\/a><a href='#next' class='next-slide  avia-svg-icon avia-font-svg_entypo-fontello' data-av_svg_icon='right-open-big' data-av_iconset='svg_entypo-fontello' tabindex='-1' title=\"Next\"><svg version=\"1.1\" xmlns=\"http:\/\/www.w3.org\/2000\/svg\" width=\"15\" height=\"32\" viewBox=\"0 0 15 32\" preserveAspectRatio=\"xMidYMid meet\" aria-labelledby='av-svg-title-2' aria-describedby='av-svg-desc-2' role=\"graphics-symbol\" aria-hidden=\"true\">\n<title id='av-svg-title-2'>Next<\/title>\n<desc id='av-svg-desc-2'>Next<\/desc>\n<path d=\"M0.416 27.84l11.456-11.84-11.456-11.904q-0.832-0.832 0-1.536 0.832-0.832 1.536 0l12.544 12.608q0.768 0.832 0 1.6l-12.544 12.608q-0.704 0.832-1.536 0-0.832-0.704 0-1.536z\"><\/path>\n<\/svg><span class='avia_hidden_link_text'>Next<\/span><\/a><\/div><div class='avia-slideshow-dots avia-slideshow-controls'><a href='#1' class='goto-slide active' >1<\/a><a href='#2' class='goto-slide ' >2<\/a><a href='#3' class='goto-slide ' >3<\/a><a href='#4' class='goto-slide ' >4<\/a><a href='#5' class='goto-slide ' >5<\/a><\/div><\/div>\n\n<style type=\"text\/css\" data-created_by=\"avia_inline_auto\" id=\"style-css-av-jnbsqj1y-22e7f479e6d84956f9874bc5d5938ae2\">\n#top .hr.hr-invisible.av-jnbsqj1y-22e7f479e6d84956f9874bc5d5938ae2{\nheight:30px;\n}\n<\/style>\n<div  class='hr av-jnbsqj1y-22e7f479e6d84956f9874bc5d5938ae2 hr-invisible  avia-builder-el-5  el_after_av_slideshow  el_before_av_social_share '><span class='hr-inner '><span class=\"hr-inner-style\"><\/span><\/span><\/div>\n<div  class='av-social-sharing-box av-av_social_share-1e34c66046439c35fa8f699e8ff1f12d av-social-sharing-box-default  avia-builder-el-6  el_after_av_hr  avia-builder-el-last  av-social-sharing-box-fullwidth'><div class=\"av-share-box\"><h5 class='av-share-link-description av-no-toc '>Partager<\/h5><ul class=\"av-share-box-list noLightbox\"><li class='av-share-link av-social-link-facebook avia_social_iconfont' ><a target=\"_blank\" aria-label=\"Share on Facebook\" href='https:\/\/www.facebook.com\/sharer.php?u=https:\/\/www.iecd.org\/en\/nous-connaitre\/about-the-iecd\/key-figures\/&#038;t=Key%20figures' data-av_icon='\ue8f3' data-av_iconfont='entypo-fontello'  title='' data-avia-related-tooltip='Share on Facebook'><span class='avia_hidden_link_text'>Share on Facebook<\/span><\/a><\/li><li class='av-share-link av-social-link-twitter avia_social_iconfont' ><a target=\"_blank\" aria-label=\"Share on X\" href='https:\/\/twitter.com\/share?text=Key%20figures&#038;url=https:\/\/www.iecd.org\/en\/?p=3857' data-av_icon='\ue932' data-av_iconfont='entypo-fontello'  title='' data-avia-related-tooltip='Share on X'><span class='avia_hidden_link_text'>Share on X<\/span><\/a><\/li><li class='av-share-link av-social-link-linkedin avia_social_iconfont' ><a target=\"_blank\" aria-label=\"Share on LinkedIn\" href='https:\/\/linkedin.com\/shareArticle?mini=true&#038;title=Key%20figures&#038;url=https:\/\/www.iecd.org\/en\/nous-connaitre\/about-the-iecd\/key-figures\/' data-av_icon='\ue8fc' data-av_iconfont='entypo-fontello'  title='' data-avia-related-tooltip='Share on LinkedIn'><span class='avia_hidden_link_text'>Share on LinkedIn<\/span><\/a><\/li><li class='av-share-link av-social-link-mail avia_social_iconfont' ><a  aria-label=\"Share by Mail\" href='mailto:?subject=Key%20figures&#038;body=https:\/\/www.iecd.org\/en\/nous-connaitre\/about-the-iecd\/key-figures\/' data-av_icon='\ue805' data-av_iconfont='entypo-fontello'  title='' data-avia-related-tooltip='Share by Mail'><span class='avia_hidden_link_text'>Share by Mail<\/span><\/a><\/li><\/ul><\/div><\/div>\n","protected":false},"excerpt":{"rendered":"","protected":false},"author":1,"featured_media":0,"parent":1841,"menu_order":0,"comment_status":"closed","ping_status":"closed","template":"","meta":{"footnotes":""},"class_list":["post-3857","page","type-page","status-publish","hentry"],"yoast_head":"<!-- This site is optimized with the Yoast SEO plugin v27.5 - https:\/\/yoast.com\/product\/yoast-seo-wordpress\/ -->\n<title>About IECD: Key figures - iecd<\/title>\n<meta name=\"description\" content=\"IECD was created in 1988 at the initiative of entrepreneurs and universities, including Xavier Boutin...\" \/>\n<meta name=\"robots\" content=\"index, follow, max-snippet:-1, max-image-preview:large, max-video-preview:-1\" \/>\n<link rel=\"canonical\" href=\"https:\/\/www.iecd.org\/en\/nous-connaitre\/about-the-iecd\/key-figures\/\" \/>\n<meta property=\"og:locale\" content=\"en_US\" \/>\n<meta property=\"og:type\" content=\"article\" \/>\n<meta property=\"og:title\" content=\"About IECD: Key figures - iecd\" \/>\n<meta property=\"og:description\" content=\"IECD was created in 1988 at the initiative of entrepreneurs and universities, including Xavier Boutin...\" \/>\n<meta property=\"og:url\" content=\"https:\/\/www.iecd.org\/en\/nous-connaitre\/about-the-iecd\/key-figures\/\" \/>\n<meta property=\"og:site_name\" content=\"iecd\" \/>\n<meta property=\"article:modified_time\" content=\"2018-10-16T14:08:27+00:00\" \/>\n<meta name=\"twitter:card\" content=\"summary_large_image\" \/>\n<meta name=\"twitter:label1\" content=\"Est. reading time\" \/>\n\t<meta name=\"twitter:data1\" content=\"2 minutes\" \/>\n<script type=\"application\/ld+json\" class=\"yoast-schema-graph\">{\"@context\":\"https:\\\/\\\/schema.org\",\"@graph\":[{\"@type\":\"WebPage\",\"@id\":\"https:\\\/\\\/www.iecd.org\\\/en\\\/nous-connaitre\\\/about-the-iecd\\\/key-figures\\\/\",\"url\":\"https:\\\/\\\/www.iecd.org\\\/en\\\/nous-connaitre\\\/about-the-iecd\\\/key-figures\\\/\",\"name\":\"About IECD: Key figures - iecd\",\"isPartOf\":{\"@id\":\"https:\\\/\\\/www.iecd.org\\\/#website\"},\"datePublished\":\"2016-01-28T14:30:04+00:00\",\"dateModified\":\"2018-10-16T14:08:27+00:00\",\"description\":\"IECD was created in 1988 at the initiative of entrepreneurs and universities, including Xavier Boutin...\",\"breadcrumb\":{\"@id\":\"https:\\\/\\\/www.iecd.org\\\/en\\\/nous-connaitre\\\/about-the-iecd\\\/key-figures\\\/#breadcrumb\"},\"inLanguage\":\"en-US\",\"potentialAction\":[{\"@type\":\"ReadAction\",\"target\":[\"https:\\\/\\\/www.iecd.org\\\/en\\\/nous-connaitre\\\/about-the-iecd\\\/key-figures\\\/\"]}]},{\"@type\":\"BreadcrumbList\",\"@id\":\"https:\\\/\\\/www.iecd.org\\\/en\\\/nous-connaitre\\\/about-the-iecd\\\/key-figures\\\/#breadcrumb\",\"itemListElement\":[{\"@type\":\"ListItem\",\"position\":1,\"name\":\"Accueil\",\"item\":\"https:\\\/\\\/www.iecd.org\\\/en\\\/accueil-fevrier-2022-b\\\/\"},{\"@type\":\"ListItem\",\"position\":2,\"name\":\"Who we are\",\"item\":\"https:\\\/\\\/www.iecd.org\\\/en\\\/nous-connaitre\\\/\"},{\"@type\":\"ListItem\",\"position\":3,\"name\":\"About the IECD\",\"item\":\"https:\\\/\\\/www.iecd.org\\\/en\\\/nous-connaitre\\\/about-the-iecd\\\/\"},{\"@type\":\"ListItem\",\"position\":4,\"name\":\"Key figures\"}]},{\"@type\":\"WebSite\",\"@id\":\"https:\\\/\\\/www.iecd.org\\\/#website\",\"url\":\"https:\\\/\\\/www.iecd.org\\\/\",\"name\":\"iecd\",\"description\":\"semeurs d&#039;avenir\",\"potentialAction\":[{\"@type\":\"SearchAction\",\"target\":{\"@type\":\"EntryPoint\",\"urlTemplate\":\"https:\\\/\\\/www.iecd.org\\\/?s={search_term_string}\"},\"query-input\":{\"@type\":\"PropertyValueSpecification\",\"valueRequired\":true,\"valueName\":\"search_term_string\"}}],\"inLanguage\":\"en-US\"}]}<\/script>\n<!-- \/ Yoast SEO plugin. -->","yoast_head_json":{"title":"About IECD: Key figures - iecd","description":"IECD was created in 1988 at the initiative of entrepreneurs and universities, including Xavier Boutin...","robots":{"index":"index","follow":"follow","max-snippet":"max-snippet:-1","max-image-preview":"max-image-preview:large","max-video-preview":"max-video-preview:-1"},"canonical":"https:\/\/www.iecd.org\/en\/nous-connaitre\/about-the-iecd\/key-figures\/","og_locale":"en_US","og_type":"article","og_title":"About IECD: Key figures - iecd","og_description":"IECD was created in 1988 at the initiative of entrepreneurs and universities, including Xavier Boutin...","og_url":"https:\/\/www.iecd.org\/en\/nous-connaitre\/about-the-iecd\/key-figures\/","og_site_name":"iecd","article_modified_time":"2018-10-16T14:08:27+00:00","twitter_card":"summary_large_image","twitter_misc":{"Est. reading time":"2 minutes"},"schema":{"@context":"https:\/\/schema.org","@graph":[{"@type":"WebPage","@id":"https:\/\/www.iecd.org\/en\/nous-connaitre\/about-the-iecd\/key-figures\/","url":"https:\/\/www.iecd.org\/en\/nous-connaitre\/about-the-iecd\/key-figures\/","name":"About IECD: Key figures - iecd","isPartOf":{"@id":"https:\/\/www.iecd.org\/#website"},"datePublished":"2016-01-28T14:30:04+00:00","dateModified":"2018-10-16T14:08:27+00:00","description":"IECD was created in 1988 at the initiative of entrepreneurs and universities, including Xavier Boutin...","breadcrumb":{"@id":"https:\/\/www.iecd.org\/en\/nous-connaitre\/about-the-iecd\/key-figures\/#breadcrumb"},"inLanguage":"en-US","potentialAction":[{"@type":"ReadAction","target":["https:\/\/www.iecd.org\/en\/nous-connaitre\/about-the-iecd\/key-figures\/"]}]},{"@type":"BreadcrumbList","@id":"https:\/\/www.iecd.org\/en\/nous-connaitre\/about-the-iecd\/key-figures\/#breadcrumb","itemListElement":[{"@type":"ListItem","position":1,"name":"Accueil","item":"https:\/\/www.iecd.org\/en\/accueil-fevrier-2022-b\/"},{"@type":"ListItem","position":2,"name":"Who we are","item":"https:\/\/www.iecd.org\/en\/nous-connaitre\/"},{"@type":"ListItem","position":3,"name":"About the IECD","item":"https:\/\/www.iecd.org\/en\/nous-connaitre\/about-the-iecd\/"},{"@type":"ListItem","position":4,"name":"Key figures"}]},{"@type":"WebSite","@id":"https:\/\/www.iecd.org\/#website","url":"https:\/\/www.iecd.org\/","name":"iecd","description":"semeurs d&#039;avenir","potentialAction":[{"@type":"SearchAction","target":{"@type":"EntryPoint","urlTemplate":"https:\/\/www.iecd.org\/?s={search_term_string}"},"query-input":{"@type":"PropertyValueSpecification","valueRequired":true,"valueName":"search_term_string"}}],"inLanguage":"en-US"}]}},"_links":{"self":[{"href":"https:\/\/www.iecd.org\/en\/wp-json\/wp\/v2\/pages\/3857","targetHints":{"allow":["GET"]}}],"collection":[{"href":"https:\/\/www.iecd.org\/en\/wp-json\/wp\/v2\/pages"}],"about":[{"href":"https:\/\/www.iecd.org\/en\/wp-json\/wp\/v2\/types\/page"}],"author":[{"embeddable":true,"href":"https:\/\/www.iecd.org\/en\/wp-json\/wp\/v2\/users\/1"}],"replies":[{"embeddable":true,"href":"https:\/\/www.iecd.org\/en\/wp-json\/wp\/v2\/comments?post=3857"}],"version-history":[{"count":0,"href":"https:\/\/www.iecd.org\/en\/wp-json\/wp\/v2\/pages\/3857\/revisions"}],"up":[{"embeddable":true,"href":"https:\/\/www.iecd.org\/en\/wp-json\/wp\/v2\/pages\/1841"}],"wp:attachment":[{"href":"https:\/\/www.iecd.org\/en\/wp-json\/wp\/v2\/media?parent=3857"}],"curies":[{"name":"wp","href":"https:\/\/api.w.org\/{rel}","templated":true}]}}